{"id":11,"date":"2013-12-01T14:38:45","date_gmt":"2013-12-01T14:38:45","guid":{"rendered":"http:\/\/schraeglagen-training.de\/2.0\/sample-three\/"},"modified":"2022-10-31T13:49:04","modified_gmt":"2022-10-31T12:49:04","slug":"training","status":"publish","type":"page","link":"https:\/\/schraeglagen-training.de\/2.0\/training\/","title":{"rendered":"Das Training"},"content":{"rendered":"<h1>Beim <strong>TEAM Schraeglagen-Training.de<\/strong> k\u00f6nnt Ihr euer Fahrk\u00f6nnen auf vielf\u00e4ltige Weise verbessern, wie auf den folgenden Seiten jeweils n\u00e4her beschrieben:<\/h1>\n<ul>\n<li style=\"margin-left: -10px; margin-bottom: 5px; margin-right: 25px; padding: 5px;\">mit einem <a title=\"Ablauf des Schr\u00e4glagen-Trainings\" href=\"http:\/\/schraeglagen-training.de\/training\/schraeglagen-training\/\"><strong>Schr\u00e4glagen-Training<\/strong><\/a> auf einem gestellten und umgebauten Motorrad<\/li>\n<li style=\"margin-left: -10px; margin-bottom: 5px; margin-right: 25px; padding: 5px;\">mit dem <a title=\"Ablauf des Kombi-Trainings\" href=\"http:\/\/schraeglagen-training.de\/training\/ablauf-des-kombi-trainings\/\"><strong>kombinierten Sicherheits- und Schr\u00e4glagen-Training<\/strong><\/a> mit dem eigenen und mit einem gestellten Motorrad<\/li>\n<li style=\"margin-left: -10px; margin-bottom: 5px; margin-right: 25px; padding: 5px;\">mit dem <a title=\"Ablauf des Intensiv-Trainings\" href=\"http:\/\/schraeglagen-training.de\/training\/ablauf-des-intensiv-trainings\/\"><strong>Intensivtraining<\/strong><\/a> auf dem eigenen Motorrad inkl. Videoauswertung<\/li>\n<li style=\"margin-left: -10px; margin-bottom: 5px; margin-right: 25px; padding: 5px;\">mit dem <a title=\"Ablauf des Fahrertrainings in Metz\" href=\"http:\/\/schraeglagen-training.de\/training\/ablauf-des-fahrtrainings-in-bitburg\/\"><strong>Fahrertraining auf der Rennstrecke in Metz<\/strong><\/a><\/li>\n<li style=\"margin-left: -10px; margin-bottom: 5px; margin-right: 25px; padding: 5px;\">beim <a title=\"Ablauf des Fahrertrainings \u201cDucati4U&quot;\" href=\"http:\/\/schraeglagen-training.de\/training\/ablauf-des-fahrertrainings-ducati-4u\/\"><strong>Rennstrecken-Training &#8222;Ducati 4U&#8220;<\/strong><\/a> auf verschiedenen Rennstrecken<\/li>\n<\/ul>\n<figure id=\"attachment_308\" aria-describedby=\"caption-attachment-308\" style=\"width: 700px\" class=\"wp-caption aligncenter\"><a href=\"http:\/\/schraeglagen-training.de\/2.0\/wp-content\/uploads\/2013\/12\/training_start.jpg\"><img loading=\"lazy\" decoding=\"async\" class=\"size-full wp-image-308\" src=\"http:\/\/schraeglagen-training.de\/2.0\/wp-content\/uploads\/2013\/12\/training_start_sm.jpg\" alt=\"Team-Sache: alle packen mit an\" width=\"700\" height=\"450\" srcset=\"https:\/\/schraeglagen-training.de\/2.0\/wp-content\/uploads\/2013\/12\/training_start_sm.jpg 700w, https:\/\/schraeglagen-training.de\/2.0\/wp-content\/uploads\/2013\/12\/training_start_sm-300x192.jpg 300w, https:\/\/schraeglagen-training.de\/2.0\/wp-content\/uploads\/2013\/12\/training_start_sm-332x213.jpg 332w\" sizes=\"auto, (max-width: 700px) 100vw, 700px\" \/><\/a><figcaption id=\"caption-attachment-308\" class=\"wp-caption-text\">Team-Sache: alle packen mit an<\/figcaption><\/figure>\n<h1><strong>Viel Spa\u00df w\u00fcnscht Euch euer TEAM Schraeglagen-Training.de!<\/strong><\/h1>\n","protected":false},"excerpt":{"rendered":"<p>Beim TEAM Schraeglagen-Training.de k\u00f6nnt Ihr euer Fahrk\u00f6nnen auf vielf\u00e4ltige Weise verbessern, wie auf den folgenden Seiten jeweils n\u00e4her beschrieben: mit einem Schr\u00e4glagen-Training auf einem gestellten und umgebauten Motorrad mit dem kombinierten Sicherheits- und Schr\u00e4glagen-Training mit dem eigenen und mit einem gestellten Motorrad mit dem Intensivtraining auf dem eigenen Motorrad inkl. &#8230;<\/p>\n","protected":false},"author":1,"featured_media":0,"parent":0,"menu_order":1,"comment_status":"closed","ping_status":"closed","template":"","meta":{"footnotes":""},"class_list":["post-11","page","type-page","status-publish","hentry","column","onecol"],"_links":{"self":[{"href":"https:\/\/schraeglagen-training.de\/2.0\/wp-json\/wp\/v2\/pages\/11","targetHints":{"allow":["GET"]}}],"collection":[{"href":"https:\/\/schraeglagen-training.de\/2.0\/wp-json\/wp\/v2\/pages"}],"about":[{"href":"https:\/\/schraeglagen-training.de\/2.0\/wp-json\/wp\/v2\/types\/page"}],"author":[{"embeddable":true,"href":"https:\/\/schraeglagen-training.de\/2.0\/wp-json\/wp\/v2\/users\/1"}],"replies":[{"embeddable":true,"href":"https:\/\/schraeglagen-training.de\/2.0\/wp-json\/wp\/v2\/comments?post=11"}],"version-history":[{"count":16,"href":"https:\/\/schraeglagen-training.de\/2.0\/wp-json\/wp\/v2\/pages\/11\/revisions"}],"predecessor-version":[{"id":2608,"href":"https:\/\/schraeglagen-training.de\/2.0\/wp-json\/wp\/v2\/pages\/11\/revisions\/2608"}],"wp:attachment":[{"href":"https:\/\/schraeglagen-training.de\/2.0\/wp-json\/wp\/v2\/media?parent=11"}],"curies":[{"name":"wp","href":"https:\/\/api.w.org\/{rel}","templated":true}]}}