{"id":2606,"date":"2024-10-17T16:32:31","date_gmt":"2024-10-17T14:32:31","guid":{"rendered":"https:\/\/schraeglagen-training.de\/2.0\/?page_id=2606"},"modified":"2024-10-17T16:36:20","modified_gmt":"2024-10-17T14:36:20","slug":"ablauf-des-rennstreckentrainings-ducati-4u","status":"publish","type":"page","link":"https:\/\/schraeglagen-training.de\/2.0\/ablauf-des-rennstreckentrainings-ducati-4u\/","title":{"rendered":"Ablauf des Rennstreckentrainings DUCATI 4U"},"content":{"rendered":"\n<p>Wir sind offizielle Kooperationspartner von Ducati Deutschland im Rahmen der DUCATI-4U-Events. Im Rahmen dieser Veranstaltungen bieten wir gegen Aufpreis zur Teilnahmegeb\u00fchr als Crash Kurs ein jeweils ca. 1-st\u00fcndiges Training im Fahrerlager an. Das Angebot gilt sowohl f\u00fcr Teilnehmer an den Renntrainings als auch f\u00fcr G\u00e4ste.<\/p>\n\n\n\n<p>Daneben sind bei DUCATI-4U seit langer Zeit als Instruktoren f\u00fcr Euch auf der Rennstrecke unterwegs. In der Einsteiger-Gruppe profitiert ihr von unserer jahrelangen Erfahrung als Rennstreckenfahrer, Instruktoren f\u00fcr Fahrsicherheitstrainings und nicht zuletzt als Instruktoren unserer Schr\u00e4glagen-Trainings.<\/p>\n\n\n\n<p>Alles Wissenswerte rund um diese Veranstaltung einschlie\u00dflich aller Termine und Anmeldeoptionen findet ihr auf der Seite<\/p>\n\n\n\n<p>www.ducati-experience.de<\/p>\n\n\n\n<p>Hinweis: Wir sind nicht Veranstalter dieses Events, sondern im Rahmen unserer Kooperation dort unterwegs. Bei Fragen zu diesem Events wendet euch bitte an die Kontaktdaten auf der o.g. Internetseite.<\/p>\n","protected":false},"excerpt":{"rendered":"<p>Wir sind offizielle Kooperationspartner von Ducati Deutschland im Rahmen der DUCATI-4U-Events. Im Rahmen dieser Veranstaltungen bieten wir gegen Aufpreis zur Teilnahmegeb\u00fchr als Crash Kurs ein jeweils ca. 1-st\u00fcndiges Training im Fahrerlager an. Das Angebot gilt sowohl f\u00fcr Teilnehmer an den Renntrainings als auch f\u00fcr G\u00e4ste. Daneben sind bei DUCATI-4U seit &#8230;<\/p>\n","protected":false},"author":4,"featured_media":0,"parent":0,"menu_order":0,"comment_status":"closed","ping_status":"closed","template":"","meta":{"footnotes":""},"class_list":["post-2606","page","type-page","status-publish","hentry","column","onecol"],"_links":{"self":[{"href":"https:\/\/schraeglagen-training.de\/2.0\/wp-json\/wp\/v2\/pages\/2606","targetHints":{"allow":["GET"]}}],"collection":[{"href":"https:\/\/schraeglagen-training.de\/2.0\/wp-json\/wp\/v2\/pages"}],"about":[{"href":"https:\/\/schraeglagen-training.de\/2.0\/wp-json\/wp\/v2\/types\/page"}],"author":[{"embeddable":true,"href":"https:\/\/schraeglagen-training.de\/2.0\/wp-json\/wp\/v2\/users\/4"}],"replies":[{"embeddable":true,"href":"https:\/\/schraeglagen-training.de\/2.0\/wp-json\/wp\/v2\/comments?post=2606"}],"version-history":[{"count":5,"href":"https:\/\/schraeglagen-training.de\/2.0\/wp-json\/wp\/v2\/pages\/2606\/revisions"}],"predecessor-version":[{"id":2894,"href":"https:\/\/schraeglagen-training.de\/2.0\/wp-json\/wp\/v2\/pages\/2606\/revisions\/2894"}],"wp:attachment":[{"href":"https:\/\/schraeglagen-training.de\/2.0\/wp-json\/wp\/v2\/media?parent=2606"}],"curies":[{"name":"wp","href":"https:\/\/api.w.org\/{rel}","templated":true}]}}