{"id":299,"date":"2013-12-23T17:20:31","date_gmt":"2013-12-23T16:20:31","guid":{"rendered":"http:\/\/schraeglagen-training.de\/2.0\/?page_id=299"},"modified":"2025-03-31T12:14:34","modified_gmt":"2025-03-31T10:14:34","slug":"schraeglagen-training","status":"publish","type":"page","link":"https:\/\/schraeglagen-training.de\/2.0\/training\/schraeglagen-training\/","title":{"rendered":"Ablauf des Schr\u00e4glagen-Trainings (Einzel\/Gruppe)"},"content":{"rendered":"<h1><strong>Ablauf des Schr\u00e4glagen-Trainings (Gruppen- und Einzeltraining)<br \/>\n<\/strong><\/h1>\n<p><strong><em>NEU: <span style=\"color: #ff0000;\">Schr\u00e4glagen-Training als Einzelkurs<\/span> buchbar!<\/em><\/strong><\/p>\n<p><strong><em>Ab sofort k\u00f6nnt ihr unser Schr\u00e4glagen-Training auch <span style=\"color: #ff0000;\">als Einzel-Kurs<\/span> buchen! Der Termin wird individuell an den Wochenenden im Anschlu\u00df an die regul\u00e4ren Schr\u00e4glagen-Trainings ab ca. 16.30 Uhr vereinbart. Sichert Euch diese besondere Option der individuellen Betreuung <\/em><em>durch einen Instruktor f\u00fcr euch ganz allein<\/em><em>. Preis: 390 Euro. Der Ablauf richtet sich grds. nach dem des Gruppentrainings. Bitte bei der Anmeldung &#8222;Einzeltraining&#8220; unter &#8222;Anmerkungen&#8220; eintragen nicht vergessen!<br \/>\n<\/em><\/strong><\/p>\n<p><strong><span style=\"color: #ff0000;\">Das Schr\u00e4glagen-Training<\/span><\/strong> findet in der Regel an den Wochenenden (siehe Termine) in der Zeit von 10 bis 17 Uhr statt. Der Preis betr\u00e4gt 195 Euro bzw. 175 Euro f\u00fcr Gruppen ab 3 Personen oder Wiederholer, egal, wann ihr schonmal bei uns wart. Die Gruppe am Trainingstag ist maximal 7 Teilnehmer gross. Ihr habt damit sehr viel Fahrzeit und seid sp\u00e4testens am Nachmittag froh, Pausen machen zu k\u00f6nnen. Mit unserer ausgereiften und bew\u00e4hrten Trainingsmethode k\u00f6nnt ihr die individuelle Kurventechnik verbessern und die Angst vor Schr\u00e4glagen Schritt f\u00fcr Schritt abbbauen. Ganz egal, ob <strong>Fahranf\u00e4nger, Wiedereinsteiger oder Fahrer mit Rennstreckenerfahrung<\/strong>: bei uns kann <strong>jeder<\/strong> sein K\u00f6nnen verbessern. Ihr m\u00fcsst bei uns am Ende nicht mit dem Knie am Boden fahren k\u00f6nnen &#8211; aber auch das k\u00f6nnt Ihr bei uns schaffen, ganz bestimmt!<\/p>\n<p>Und es lohnt sich, es auszuprobieren!<\/p>\n<p><a href=\"https:\/\/schraeglagen-training.de\/2.0\/wp-content\/uploads\/2021\/03\/K1024_20200822_154057_-e1616760505531.jpg\"><img loading=\"lazy\" decoding=\"async\" class=\"alignnone wp-image-2232 size-medium\" src=\"https:\/\/schraeglagen-training.de\/2.0\/wp-content\/uploads\/2021\/03\/K1024_20200822_154057_-e1616760505531-225x300.jpg\" alt=\"\" width=\"225\" height=\"300\" srcset=\"https:\/\/schraeglagen-training.de\/2.0\/wp-content\/uploads\/2021\/03\/K1024_20200822_154057_-e1616760505531-225x300.jpg 225w, https:\/\/schraeglagen-training.de\/2.0\/wp-content\/uploads\/2021\/03\/K1024_20200822_154057_-e1616760505531.jpg 768w, https:\/\/schraeglagen-training.de\/2.0\/wp-content\/uploads\/2021\/03\/K1024_20200822_154057_-e1616760505531-700x933.jpg 700w, https:\/\/schraeglagen-training.de\/2.0\/wp-content\/uploads\/2021\/03\/K1024_20200822_154057_-e1616760505531-332x443.jpg 332w\" sizes=\"auto, (max-width: 225px) 100vw, 225px\" \/><\/a><\/p>\n<p>Wichtig: Euer Motorad kann zu Hause bleiben. Ihr fahrt ausschlie\u00dflich mit unseren Trainingsmaschinen. Ihr fahrt auf umgebauten Motorr\u00e4dern, wahlweise einer <strong>Ducati Monster<\/strong> oder einer <strong>Ducati Supersport S .<\/strong><br \/>\nDie Monster ist ein sehr gutm\u00fctiges Gef\u00e4hrt, das leicht zu beherrschen ist und mit dem fast jeder Fahrer\/jede Fahrerin sehr schnell zurecht kommt, auch bei kleinerer K\u00f6rpergr\u00f6\u00dfe.<\/p>\n<p><a href=\"https:\/\/schraeglagen-training.de\/2.0\/wp-content\/uploads\/2021\/03\/K1024_20210320_124014-e1616760595178.jpg\"><img loading=\"lazy\" decoding=\"async\" class=\"alignnone size-medium wp-image-2246\" src=\"https:\/\/schraeglagen-training.de\/2.0\/wp-content\/uploads\/2021\/03\/K1024_20210320_124014-e1616760595178-225x300.jpg\" alt=\"\" width=\"225\" height=\"300\" srcset=\"https:\/\/schraeglagen-training.de\/2.0\/wp-content\/uploads\/2021\/03\/K1024_20210320_124014-e1616760595178-225x300.jpg 225w, https:\/\/schraeglagen-training.de\/2.0\/wp-content\/uploads\/2021\/03\/K1024_20210320_124014-e1616760595178.jpg 768w, https:\/\/schraeglagen-training.de\/2.0\/wp-content\/uploads\/2021\/03\/K1024_20210320_124014-e1616760595178-700x933.jpg 700w, https:\/\/schraeglagen-training.de\/2.0\/wp-content\/uploads\/2021\/03\/K1024_20210320_124014-e1616760595178-332x443.jpg 332w\" sizes=\"auto, (max-width: 225px) 100vw, 225px\" \/><\/a><\/p>\n<p>Die Ducati Supersport S bietet sich aufgrund der Sitzposition f\u00fcr sportlich ambitionierte Fahrer an.<\/p>\n<p><a href=\"https:\/\/schraeglagen-training.de\/2.0\/wp-content\/uploads\/2021\/03\/K1024_20200630_113927-e1616760635742.jpg\"><img loading=\"lazy\" decoding=\"async\" class=\"alignnone size-medium wp-image-2224\" src=\"https:\/\/schraeglagen-training.de\/2.0\/wp-content\/uploads\/2021\/03\/K1024_20200630_113927-e1616760635742-225x300.jpg\" alt=\"\" width=\"225\" height=\"300\" srcset=\"https:\/\/schraeglagen-training.de\/2.0\/wp-content\/uploads\/2021\/03\/K1024_20200630_113927-e1616760635742-225x300.jpg 225w, https:\/\/schraeglagen-training.de\/2.0\/wp-content\/uploads\/2021\/03\/K1024_20200630_113927-e1616760635742.jpg 768w, https:\/\/schraeglagen-training.de\/2.0\/wp-content\/uploads\/2021\/03\/K1024_20200630_113927-e1616760635742-700x933.jpg 700w, https:\/\/schraeglagen-training.de\/2.0\/wp-content\/uploads\/2021\/03\/K1024_20200630_113927-e1616760635742-332x443.jpg 332w\" sizes=\"auto, (max-width: 225px) 100vw, 225px\" \/><\/a><\/p>\n<p>Beide Motorr\u00e4der haben rechts und links <strong>&#8222;Fl\u00fcgel&#8220;<\/strong>, die im Neigungswinkel verstellbar sind. Der Winkel wird so eingestellt, dass am Anfang zun\u00e4chst eine geringe Schr\u00e4glage m\u00f6glich ist, um sich an das Fahrzeug und den Parcour zu gew\u00f6hnen.<br \/>\nDas ganze steigert sich im Laufe des Tages\u00a0 bis zur Einstellung f\u00fcr die &#8222;Knieschleifer-Fraktion&#8220;. Das Tolle dabei ist, dass man sich viel beruhigter an die individuelle Kurventechnik und die Schr\u00e4glage herantasten kann.<br \/>\nDie ausgefahrenen St\u00fctzen verhindern bei einem (erfahrungsgem\u00e4\u00df extrem seltenen) Rutscher das sonst \u00fcbliche Umkippen des Motorrades. Bei uns k\u00f6nnt ihr <strong>ganz stressfrei<\/strong> und ohne die Gefahren des Stra\u00dfenverkehrs die Kurventechnik optimieren!<\/p>\n<p><a href=\"https:\/\/schraeglagen-training.de\/2.0\/wp-content\/uploads\/2021\/03\/K1024_20200822_154057.jpg\"><img loading=\"lazy\" decoding=\"async\" class=\"alignnone wp-image-2231 size-medium\" src=\"https:\/\/schraeglagen-training.de\/2.0\/wp-content\/uploads\/2021\/03\/K1024_20200822_154057-e1616760730100-225x300.jpg\" alt=\"\" width=\"225\" height=\"300\" srcset=\"https:\/\/schraeglagen-training.de\/2.0\/wp-content\/uploads\/2021\/03\/K1024_20200822_154057-e1616760730100-225x300.jpg 225w, https:\/\/schraeglagen-training.de\/2.0\/wp-content\/uploads\/2021\/03\/K1024_20200822_154057-e1616760730100.jpg 768w, https:\/\/schraeglagen-training.de\/2.0\/wp-content\/uploads\/2021\/03\/K1024_20200822_154057-e1616760730100-700x933.jpg 700w, https:\/\/schraeglagen-training.de\/2.0\/wp-content\/uploads\/2021\/03\/K1024_20200822_154057-e1616760730100-332x443.jpg 332w\" sizes=\"auto, (max-width: 225px) 100vw, 225px\" \/>\u00a0<\/a><a href=\"https:\/\/schraeglagen-training.de\/2.0\/wp-content\/uploads\/2021\/03\/K1024_20200822_154111-e1616760701937.jpg\"><img loading=\"lazy\" decoding=\"async\" class=\"alignnone size-medium wp-image-2233\" src=\"https:\/\/schraeglagen-training.de\/2.0\/wp-content\/uploads\/2021\/03\/K1024_20200822_154111-e1616760701937-225x300.jpg\" alt=\"\" width=\"225\" height=\"300\" srcset=\"https:\/\/schraeglagen-training.de\/2.0\/wp-content\/uploads\/2021\/03\/K1024_20200822_154111-e1616760701937-225x300.jpg 225w, https:\/\/schraeglagen-training.de\/2.0\/wp-content\/uploads\/2021\/03\/K1024_20200822_154111-e1616760701937.jpg 768w, https:\/\/schraeglagen-training.de\/2.0\/wp-content\/uploads\/2021\/03\/K1024_20200822_154111-e1616760701937-700x933.jpg 700w, https:\/\/schraeglagen-training.de\/2.0\/wp-content\/uploads\/2021\/03\/K1024_20200822_154111-e1616760701937-332x443.jpg 332w\" sizes=\"auto, (max-width: 225px) 100vw, 225px\" \/><\/a><\/p>\n<p>Ihr werdet nicht glauben, welche Haftung einfache Reifen haben k\u00f6nnen!<\/p>\n<p><strong>Um ca. 9.45 Uhr treffen wir uns auf dem Trainingsgel\u00e4nde und um 10:00 Uhr fangen wir mit dem Training an. Gefahren wird bis ca. 17 Uhr. <\/strong>Wo sich der \u00dcbungsplatz befindet, seht ihr unter &#8222;Wegbeschreibung&#8220;.<\/p>\n<p>Besucher k\u00f6nnen mitgebracht werden. <strong>Sollten wir ausnahmsweise das Training auf einem anderen Gel\u00e4nde durchf\u00fchren, geben wir euch rechtzeitig Bescheid!<\/strong><\/p>\n<p>Zum Training m\u00fcsst Ihr auf jeden Fall eine <strong>ausreichende Schutzkleidung<\/strong> mitbringen, also:<\/p>\n<ul>\n<li>einen f\u00fcr den Stra\u00dfenverkehr zugelassenen und unbesch\u00e4digten Schutzhelm,<\/li>\n<li>Motorrad-Lederbekleidung mit Protektoren (Textilbekleidung m\u00f6glich, Lederbekleidung ist aber immer die bessere Wahl),<\/li>\n<li>einen R\u00fcckenprotektor,<\/li>\n<li>Motorrad-Schutzhandschuhe,<\/li>\n<li>Motorradstiefel.<\/li>\n<\/ul>\n<p><a href=\"https:\/\/schraeglagen-training.de\/2.0\/wp-content\/uploads\/2014\/01\/IMG_4092_lightroom.jpg\"><img loading=\"lazy\" decoding=\"async\" class=\"alignnone size-medium wp-image-1751\" src=\"https:\/\/schraeglagen-training.de\/2.0\/wp-content\/uploads\/2014\/01\/IMG_4092_lightroom-300x200.jpg\" alt=\"\" width=\"300\" height=\"200\" srcset=\"https:\/\/schraeglagen-training.de\/2.0\/wp-content\/uploads\/2014\/01\/IMG_4092_lightroom-300x200.jpg 300w, https:\/\/schraeglagen-training.de\/2.0\/wp-content\/uploads\/2014\/01\/IMG_4092_lightroom-1024x682.jpg 1024w, https:\/\/schraeglagen-training.de\/2.0\/wp-content\/uploads\/2014\/01\/IMG_4092_lightroom-700x466.jpg 700w, https:\/\/schraeglagen-training.de\/2.0\/wp-content\/uploads\/2014\/01\/IMG_4092_lightroom-332x221.jpg 332w\" sizes=\"auto, (max-width: 300px) 100vw, 300px\" \/><\/a><\/p>\n<p>Optimal, aber kein muss ist Motorrad-Kleidung, an der Knieschleifer befestigt sind oder befestigt werden k\u00f6nnen. Zur Not haben wir Knieschleifer f\u00fcr Euch da und k\u00f6nnen auch improvisieren, wenn Ihr eine Kombi dabeihabt, an der keine Schleifer befestigt werden k\u00f6nnen.<\/p>\n<p>Nach kurzer Einweisung k\u00f6nnt Ihr bis 17:00 Uhr im Wechsel mit den anderen Teilnehmern unter Anleitung erfahrener und ausgebildeter Instruktoren die Motorr\u00e4der benutzen. Wir gehen auf jeden einzelnen Teilnehmer und seine\/ihre individuellen Bed\u00fcrfnisse ein. Fehler, die sich evtl. im Laufe der Zeit eingeschlichen haben, werden abgestellt und die Fahrtechnik \u00fcber den Tag st\u00e4ndig optimiert.<\/p>\n<p>Ziel ist, m\u00f6glichst viel des Erlernten sp\u00e4ter mit dem eigenen Motorrad umzusetzen (hierzu bietet sich insbesondere als &#8222;add-on&#8220; unser Intensivtraining, unser Fahrertraining in Chambley bei Metz und\/oder das Fahrertraining im Rahmen der DUCATI 4U-Veranstaltungen an (siehe mehr dazu auf den jeweiligen Seiten).<\/p>\n<p><strong>\u00dcbrigens: Die Kosten f\u00fcr Benzin sowie sonstige Betriebsstoffe sind in der Teilnahmegeb\u00fchr enthalten.<\/strong><\/p>\n<p>Wichtig ist, dass es bei dem Training <strong>nicht um die Erzielung von H\u00f6chstgeschwindigkeit, sondern um die Verbesserung des Kurvenfahrens<\/strong> bei einem relativ langsamen Tempo (ca. 30-40 km\/h) geht.<\/p>\n<p><strong>In der Mittagszeit machen wir eine kurze Pause, in der auch gerne weiter gefahren werden kann<\/strong>. Wir bieten Euch eine einfache Mahlzeit, Obst, Schoko-\/M\u00fcsliriegel sowie Getr\u00e4nke wie Mineralwasser, Schorle, ohne Mengenbegrenzung an (ebenfalls im Preis enthalten). Aufgrund der k\u00f6rperlichen Anstrengungen, die durch die Teilnahme am Schr\u00e4glagen-Training entstehen k\u00f6nnen, empfehlen wir, bei einer weiten Anfahrt nicht am selben Abend zur\u00fcckzureisen, insbesondere nicht mit dem Motorrad.<\/p>\n<p><strong>Auch bei Regen findet das Schr\u00e4glagen-Training grunds\u00e4tzlich statt. Bei N\u00e4sse macht es n\u00e4mlich besonders viel Spa\u00df, und der Lerneffekt ist riesig (siehe Foto!)<\/strong><\/p>\n<figure id=\"attachment_279\" aria-describedby=\"caption-attachment-279\" style=\"width: 700px\" class=\"wp-caption aligncenter\"><a href=\"http:\/\/schraeglagen-training.de\/2.0\/wp-content\/uploads\/2013\/12\/bei-naesse.jpg\"><img loading=\"lazy\" decoding=\"async\" class=\"size-full wp-image-279\" src=\"http:\/\/schraeglagen-training.de\/2.0\/wp-content\/uploads\/2013\/12\/bei-naesse_sm.jpg\" alt=\"Sch\u00f6nwetterfahrer?\" width=\"700\" height=\"395\" srcset=\"https:\/\/schraeglagen-training.de\/2.0\/wp-content\/uploads\/2013\/12\/bei-naesse_sm.jpg 700w, https:\/\/schraeglagen-training.de\/2.0\/wp-content\/uploads\/2013\/12\/bei-naesse_sm-300x169.jpg 300w, https:\/\/schraeglagen-training.de\/2.0\/wp-content\/uploads\/2013\/12\/bei-naesse_sm-332x187.jpg 332w\" sizes=\"auto, (max-width: 700px) 100vw, 700px\" \/><\/a><figcaption id=\"caption-attachment-279\" class=\"wp-caption-text\">Sch\u00f6nwetterfahrer? Wir sind doch nicht aus Zucker &#8230; \ud83d\ude42<br \/>Klicken um Bild zu vergr\u00f6\u00dfern<\/figcaption><\/figure>\n<p>Wir w\u00fcnschen Euch bereits jetzt viel Spa\u00df bei unserem Schr\u00e4glagen-Training!<br \/>\nProbiert es aus! Ihr werdet es bestimmt nicht bereuen!<\/p>\n<p>-&gt; <a title=\"Anmeldung\" href=\"http:\/\/schraeglagen-training.de\/2.0\/anmeldung\/\"><strong>Hier geht es zur Anmeldung<\/strong><\/a><\/p>\n","protected":false},"excerpt":{"rendered":"<p>Ablauf des Schr\u00e4glagen-Trainings (Gruppen- und Einzeltraining) NEU: Schr\u00e4glagen-Training als Einzelkurs buchbar! Ab sofort k\u00f6nnt ihr unser Schr\u00e4glagen-Training auch als Einzel-Kurs buchen! Der Termin wird individuell an den Wochenenden im Anschlu\u00df an die regul\u00e4ren Schr\u00e4glagen-Trainings ab ca. 16.30 Uhr vereinbart. Sichert Euch diese besondere Option der individuellen Betreuung durch einen Instruktor &#8230;<\/p>\n","protected":false},"author":1,"featured_media":0,"parent":11,"menu_order":1,"comment_status":"closed","ping_status":"closed","template":"","meta":{"footnotes":""},"class_list":["post-299","page","type-page","status-publish","hentry","column","onecol"],"_links":{"self":[{"href":"https:\/\/schraeglagen-training.de\/2.0\/wp-json\/wp\/v2\/pages\/299","targetHints":{"allow":["GET"]}}],"collection":[{"href":"https:\/\/schraeglagen-training.de\/2.0\/wp-json\/wp\/v2\/pages"}],"about":[{"href":"https:\/\/schraeglagen-training.de\/2.0\/wp-json\/wp\/v2\/types\/page"}],"author":[{"embeddable":true,"href":"https:\/\/schraeglagen-training.de\/2.0\/wp-json\/wp\/v2\/users\/1"}],"replies":[{"embeddable":true,"href":"https:\/\/schraeglagen-training.de\/2.0\/wp-json\/wp\/v2\/comments?post=299"}],"version-history":[{"count":32,"href":"https:\/\/schraeglagen-training.de\/2.0\/wp-json\/wp\/v2\/pages\/299\/revisions"}],"predecessor-version":[{"id":2958,"href":"https:\/\/schraeglagen-training.de\/2.0\/wp-json\/wp\/v2\/pages\/299\/revisions\/2958"}],"up":[{"embeddable":true,"href":"https:\/\/schraeglagen-training.de\/2.0\/wp-json\/wp\/v2\/pages\/11"}],"wp:attachment":[{"href":"https:\/\/schraeglagen-training.de\/2.0\/wp-json\/wp\/v2\/media?parent=299"}],"curies":[{"name":"wp","href":"https:\/\/api.w.org\/{rel}","templated":true}]}}