{"id":387,"date":"2013-12-25T17:27:48","date_gmt":"2013-12-25T16:27:48","guid":{"rendered":"http:\/\/schraeglagen-training.de\/2.0\/?page_id=387"},"modified":"2023-10-16T19:55:58","modified_gmt":"2023-10-16T17:55:58","slug":"ablauf-des-kombi-trainings","status":"publish","type":"page","link":"https:\/\/schraeglagen-training.de\/2.0\/training\/ablauf-des-kombi-trainings\/","title":{"rendered":"Ablauf des Kombi-Trainings"},"content":{"rendered":"<h1><strong>Kombiniertes Sicherheits- und Schr\u00e4glagentraining (Tageskurs)<\/strong><\/h1>\n<p>Als weitere interessante Option k\u00f6nnt Ihr bei uns die Vorteile eines Sicherheitstrainings mit denen eines Schr\u00e4glagentrainings verbinden. Das Training ist die Basis f\u00fcr einen idealen Start in die neue Saison. Nur wer sicher sein Motorrad beherrscht, kann in kritischen Fahrsituationen angemessen reagieren.<\/p>\n<figure id=\"attachment_1154\" aria-describedby=\"caption-attachment-1154\" style=\"width: 660px\" class=\"wp-caption aligncenter\"><a href=\"http:\/\/schraeglagen-training.de\/2.0\/wp-content\/uploads\/2013\/12\/K1024_20150523_144842.jpg\"><img loading=\"lazy\" decoding=\"async\" class=\"wp-image-1154 size-large\" src=\"http:\/\/schraeglagen-training.de\/2.0\/wp-content\/uploads\/2013\/12\/K1024_20150523_144842-1024x576.jpg\" alt=\"K1024_20150523_144842\" width=\"660\" height=\"371\" srcset=\"https:\/\/schraeglagen-training.de\/2.0\/wp-content\/uploads\/2013\/12\/K1024_20150523_144842-1024x576.jpg 1024w, https:\/\/schraeglagen-training.de\/2.0\/wp-content\/uploads\/2013\/12\/K1024_20150523_144842-300x168.jpg 300w, https:\/\/schraeglagen-training.de\/2.0\/wp-content\/uploads\/2013\/12\/K1024_20150523_144842-700x393.jpg 700w, https:\/\/schraeglagen-training.de\/2.0\/wp-content\/uploads\/2013\/12\/K1024_20150523_144842-332x186.jpg 332w, https:\/\/schraeglagen-training.de\/2.0\/wp-content\/uploads\/2013\/12\/K1024_20150523_144842.jpg 1365w\" sizes=\"auto, (max-width: 660px) 100vw, 660px\" \/><\/a><figcaption id=\"caption-attachment-1154\" class=\"wp-caption-text\">Instruktor Roland gibt wichtige und n\u00fctzliche Tipps.<\/figcaption><\/figure>\n<p>Bei uns habt Ihr die einmalige M\u00f6glichkeit, das klassische Fahrsicherheitstraining mit dem intensiven Schr\u00e4glagen-Training zu kombinieren, und das in jeweils <strong>zwei sehr kleinen Gruppen<\/strong> von je max. 4-5 Personen.<br \/>\nEine Gruppe macht Schr\u00e4glagen-Training, die zweite Gruppe Sicherheitstraining mit Wechsel des jeweiligen Programms am Mittag.<br \/>\n<b>An diesem Tag stehen Euch gleich 2 unserer professionellen Instruktoren zur Verf\u00fcgung! Preis f\u00fcr beide Trainingseinheiten: nur 250 Euro.<\/b><\/p>\n<p>Zum Ablauf des Schr\u00e4glagen-Training gilt das <a title=\"Ablauf des Schr\u00e4glagen-Trainings\" href=\"http:\/\/schraeglagen-training.de\/training\/schraeglagen-training\/\">dort<\/a> Gesagte. Das <strong>Sicherheitstraining<\/strong> wird mit den jeweils <strong>eigenen Motorr\u00e4dern<\/strong> durchgef\u00fchrt und richtet sich nach den klassischen Disziplinen <strong>Theorie, Fahrzeugbeherrschung, Fahrzeugtechnik, Schritt fahren, Bremsen<\/strong> usw.<\/p>\n<p>-&gt; <a title=\"Anmeldung\" href=\"http:\/\/schraeglagen-training.de\/2.0\/anmeldung\/\"><strong>Hier geht es zur Anmeldung<\/strong><\/a><\/p>\n","protected":false},"excerpt":{"rendered":"<p>Kombiniertes Sicherheits- und Schr\u00e4glagentraining (Tageskurs) Als weitere interessante Option k\u00f6nnt Ihr bei uns die Vorteile eines Sicherheitstrainings mit denen eines Schr\u00e4glagentrainings verbinden. Das Training ist die Basis f\u00fcr einen idealen Start in die neue Saison. Nur wer sicher sein Motorrad beherrscht, kann in kritischen Fahrsituationen angemessen reagieren. Bei uns habt &#8230;<\/p>\n","protected":false},"author":1,"featured_media":0,"parent":11,"menu_order":2,"comment_status":"closed","ping_status":"closed","template":"","meta":{"footnotes":""},"class_list":["post-387","page","type-page","status-publish","hentry","column","onecol"],"_links":{"self":[{"href":"https:\/\/schraeglagen-training.de\/2.0\/wp-json\/wp\/v2\/pages\/387","targetHints":{"allow":["GET"]}}],"collection":[{"href":"https:\/\/schraeglagen-training.de\/2.0\/wp-json\/wp\/v2\/pages"}],"about":[{"href":"https:\/\/schraeglagen-training.de\/2.0\/wp-json\/wp\/v2\/types\/page"}],"author":[{"embeddable":true,"href":"https:\/\/schraeglagen-training.de\/2.0\/wp-json\/wp\/v2\/users\/1"}],"replies":[{"embeddable":true,"href":"https:\/\/schraeglagen-training.de\/2.0\/wp-json\/wp\/v2\/comments?post=387"}],"version-history":[{"count":9,"href":"https:\/\/schraeglagen-training.de\/2.0\/wp-json\/wp\/v2\/pages\/387\/revisions"}],"predecessor-version":[{"id":2845,"href":"https:\/\/schraeglagen-training.de\/2.0\/wp-json\/wp\/v2\/pages\/387\/revisions\/2845"}],"up":[{"embeddable":true,"href":"https:\/\/schraeglagen-training.de\/2.0\/wp-json\/wp\/v2\/pages\/11"}],"wp:attachment":[{"href":"https:\/\/schraeglagen-training.de\/2.0\/wp-json\/wp\/v2\/media?parent=387"}],"curies":[{"name":"wp","href":"https:\/\/api.w.org\/{rel}","templated":true}]}}