{"id":467,"date":"2014-01-03T13:05:28","date_gmt":"2014-01-03T12:05:28","guid":{"rendered":"http:\/\/schraeglagen-training.de\/2.0\/?page_id=467"},"modified":"2025-07-17T12:57:09","modified_gmt":"2025-07-17T10:57:09","slug":"ablauf-des-fahrtrainings-in-chambley-metz","status":"publish","type":"page","link":"https:\/\/schraeglagen-training.de\/2.0\/training\/ablauf-des-fahrtrainings-in-chambley-metz\/","title":{"rendered":"Ablauf des Fahrertrainings in Chambley\/Metz"},"content":{"rendered":"<h1><strong>Anf\u00e4ngerfreundliches Fahrertraining auf dem Circuit de Chambley bei Metz\/Frankreich<br \/>\n<\/strong><\/h1>\n<p>In famili\u00e4rer Atmosph\u00e4re k\u00f6nnt Ihr euch bei unserer Veranstaltung in Chambley bei Metz (Lothringen) an das <strong>sichere Fahren in Schr\u00e4glage, das etwas sp\u00e4tere Bremsen und das Beschleunigen<\/strong> herantasten. Die 3,3 km lange Strecke bietet alles, was das Motorradfahrerherz begehrt. Kurven, Geraden, eine mit 12 Meter mehr als ausreichende Breite und gen\u00fcgend Parkfl\u00e4chen sowie Toilettenanlagen mit Duschen (allerdings keine Boxen). <strong>Die aktuellen Termine findet ihr im Terminkalender oder gerne auf Anfrage per Mail. <\/strong><\/p>\n<p><strong>Zielgruppe sind alle interessierten Motorradfahrerinnen und Motorradfahrer, insbesondere nat\u00fcrlich die &#8222;Ehemaligen&#8220; unserer Schraeglagen-Trainings und Leute, die entspannt an ihrem Fahrfluss feilen wollen<\/strong>. Der Preis f\u00fcr unsere Trainings k\u00f6nnt ihr in der Rubrik Anmeldung\/Preise ersehen.<\/p>\n<p>Es wird in drei Gruppen im Wechsel von 20 Minuten gefahren, d.h. jeder hat zwischen seinen Turns 40 Minuten Pause zum Tanken, Trinken, Essen usw. Diese Pausen sind wichtig, wenn das intensive Fahren auf einer abgesperrten Piste kann ganz sch\u00f6n anstrengend sein.<\/p>\n<p>Wir fahren in <strong>verschiedenen Gruppen<\/strong>, um dem Fahrk\u00f6nnen der Teilnehmer besser gerecht zu werden:<\/p>\n<p><strong>Gelbe Gruppe<\/strong>: mit Instruktor, eher langsames Tempo. Rennstreckenneulinge oder Fahrer, die es eher ruhig angehen wollen.<\/p>\n<p><strong>Gr\u00fcne Gruppe:<\/strong> mit Instruktor, eher flottes Tempo, Fahrer mit Rennstreckenerfahrung oder auch sportliche Fahrer ohne Rennstreckenerfahrung.<\/p>\n<p><strong>Rote Gruppe:<\/strong> Freifahrer, Sportfahrer (mit oder ohne Rennstreckenerfahrung; es kann ein Instruktor ein paar Runden mitfahren und die Linie zeigen)<\/p>\n<p>BITTE BEI DER ANMELDUNG DIE WUNSCHGRUPPE ANGEBEN! Wenn diese bereits ausgebucht ist, k\u00f6nnen wir euch leider nur die Warteliste anbieten.<\/p>\n<p>Wir starten morgens mit einer Fahrerbesprechung vor dem Beginn des 1. Turns. Es wird an allen Tagen zwischen 9 und 12, sowie von 14 bis 17 Uhr gefahren, also kommt man auf stattliche 2 Stunden Netto-Fahrzeit am Tag. Abends lassen wir den Tag gem\u00fctlich ausklingen.<\/p>\n<p>Aufgrund der \u00f6rtlichen Bedingungen k\u00f6nnen wir euch leider kein Catering anbieten. Es werden vor Ort an der Strecke Speisen und Getr\u00e4nke angeboten.<\/p>\n<p>In den Instruktorengruppen werden Untergruppen mit ca. je 5 bis 7 Teilnehmern gebildet (je nachdem wieviele Instruktoren wir dabei haben, k\u00f6nnen die Gruppen auch kleiner bzw. etwas gr\u00f6\u00dfer sein). Unsere Instruktoren sind sehr routinierte Motorradfahrer mit Rennstreckenerfahrung. Sie stellen sich auf jeden einzelnen ein. Die Instruktorengruppen reichen vom Fahrk\u00f6nnen her vom &#8222;Anf\u00e4nger&#8220; bis zum &#8222;Sportfahrer&#8220;. Bei uns werden <strong>alle<\/strong> Bereiche abgedeckt. Wir bieten das Training also ausdr\u00fccklich auch Fahranf\u00e4ngern und eher unge\u00fcbten Fahrerinnen und Fahrern an, die ihre Fahrsicherheit auf einer abgesperrten Strecke verbessern m\u00f6chten. Aber auch Motorradfahrer, die auf der Landstrasse bereits eher flott unterwegs sind und ordentlich Gas geben wollen, werden bei diesem Event auf ihre Kosten kommen.<\/p>\n<p>Anreise am Vortag ist m\u00f6glich. Bezahlbare Hotels\/Unterk\u00fcnfte sind in der Umgebung reichlich vorhanden. Auch k\u00f6nnt ihr auf dem Gel\u00e4nde campen\/zelten.<\/p>\n<p>Nach eurer Anmeldung erhaltet ihr weitere ausf\u00fchrliche Infos zum Training.<\/p>\n<h2 style=\"margin-bottom: 0cm;\">Achtung: Die Motorr\u00e4der sollten f\u00fcr den Stra\u00dfenverkehr zugelassen oder m\u00fcssen zumindest betriebssicher sein! Es gilt eine L\u00e4mbegrenzung von 100 db, also Serienauspuff oder Sportauspuff mit db Eater. Bei Fragen ruft an oder schreibt uns!<\/h2>\n<p><a href=\"http:\/\/schraeglagen-training.de\/2.0\/wp-content\/uploads\/2014\/01\/K1024_P9110069.jpg\"><img loading=\"lazy\" decoding=\"async\" class=\"alignnone wp-image-1686 size-medium\" src=\"http:\/\/schraeglagen-training.de\/2.0\/wp-content\/uploads\/2014\/01\/K1024_P9110069-300x225.jpg\" alt=\"\" width=\"300\" height=\"225\" srcset=\"https:\/\/schraeglagen-training.de\/2.0\/wp-content\/uploads\/2014\/01\/K1024_P9110069-300x225.jpg 300w, https:\/\/schraeglagen-training.de\/2.0\/wp-content\/uploads\/2014\/01\/K1024_P9110069-700x525.jpg 700w, https:\/\/schraeglagen-training.de\/2.0\/wp-content\/uploads\/2014\/01\/K1024_P9110069-332x249.jpg 332w, https:\/\/schraeglagen-training.de\/2.0\/wp-content\/uploads\/2014\/01\/K1024_P9110069.jpg 1024w\" sizes=\"auto, (max-width: 300px) 100vw, 300px\" \/><\/a><\/p>\n<p style=\"margin-bottom: 0cm;\"><b>W<\/b>eitere Infos gerne auf Anfrage unter den genannten Telefonnummern oder per Mail.<\/p>\n<p>-&gt; <a title=\"Anmeldung\" href=\"http:\/\/schraeglagen-training.de\/2.0\/anmeldung\/\"><strong>Hier geht es zur Anmeldung<\/strong><\/a><\/p>\n","protected":false},"excerpt":{"rendered":"<p>Anf\u00e4ngerfreundliches Fahrertraining auf dem Circuit de Chambley bei Metz\/Frankreich In famili\u00e4rer Atmosph\u00e4re k\u00f6nnt Ihr euch bei unserer Veranstaltung in Chambley bei Metz (Lothringen) an das sichere Fahren in Schr\u00e4glage, das etwas sp\u00e4tere Bremsen und das Beschleunigen herantasten. Die 3,3 km lange Strecke bietet alles, was das Motorradfahrerherz begehrt. Kurven, Geraden, &#8230;<\/p>\n","protected":false},"author":1,"featured_media":0,"parent":11,"menu_order":4,"comment_status":"closed","ping_status":"closed","template":"","meta":{"footnotes":""},"class_list":["post-467","page","type-page","status-publish","hentry","column","onecol"],"_links":{"self":[{"href":"https:\/\/schraeglagen-training.de\/2.0\/wp-json\/wp\/v2\/pages\/467","targetHints":{"allow":["GET"]}}],"collection":[{"href":"https:\/\/schraeglagen-training.de\/2.0\/wp-json\/wp\/v2\/pages"}],"about":[{"href":"https:\/\/schraeglagen-training.de\/2.0\/wp-json\/wp\/v2\/types\/page"}],"author":[{"embeddable":true,"href":"https:\/\/schraeglagen-training.de\/2.0\/wp-json\/wp\/v2\/users\/1"}],"replies":[{"embeddable":true,"href":"https:\/\/schraeglagen-training.de\/2.0\/wp-json\/wp\/v2\/comments?post=467"}],"version-history":[{"count":26,"href":"https:\/\/schraeglagen-training.de\/2.0\/wp-json\/wp\/v2\/pages\/467\/revisions"}],"predecessor-version":[{"id":2892,"href":"https:\/\/schraeglagen-training.de\/2.0\/wp-json\/wp\/v2\/pages\/467\/revisions\/2892"}],"up":[{"embeddable":true,"href":"https:\/\/schraeglagen-training.de\/2.0\/wp-json\/wp\/v2\/pages\/11"}],"wp:attachment":[{"href":"https:\/\/schraeglagen-training.de\/2.0\/wp-json\/wp\/v2\/media?parent=467"}],"curies":[{"name":"wp","href":"https:\/\/api.w.org\/{rel}","templated":true}]}}