{"id":653,"date":"2014-01-08T13:49:20","date_gmt":"2014-01-08T12:49:20","guid":{"rendered":"http:\/\/schraeglagen-training.de\/2.0\/?page_id=653"},"modified":"2014-01-08T13:49:20","modified_gmt":"2014-01-08T12:49:20","slug":"teil-04-schraeglagen-training-am-nuerburgring","status":"publish","type":"page","link":"https:\/\/schraeglagen-training.de\/2.0\/media\/teil-04-schraeglagen-training-am-nuerburgring\/","title":{"rendered":"Teil 04 &#8211; Schr\u00e4glagen-Training am N\u00fcrburgring"},"content":{"rendered":"<h2>Teil 04 &#8211; Schr\u00e4glagen-Training mit Reinhard am N\u00fcrburgring<\/h2>\n<div id='gallery-1' class='gallery galleryid-653 gallery-columns-4 gallery-size-thumbnail'><figure class='gallery-item'>\n\t\t\t<div class='gallery-icon landscape'>\n\t\t\t\t<a rel='attachment' href='https:\/\/schraeglagen-training.de\/2.0\/wp-content\/uploads\/2014\/01\/K1024_N\u00fcrburgring-Schr\u00e4glagentraining-03.09.2013-bis-04.09.2013-02.jpg'><img loading=\"lazy\" decoding=\"async\" width=\"150\" height=\"150\" src=\"https:\/\/schraeglagen-training.de\/2.0\/wp-content\/uploads\/2014\/01\/K1024_N\u00fcrburgring-Schr\u00e4glagentraining-03.09.2013-bis-04.09.2013-02-150x150.jpg\" class=\"attachment-thumbnail size-thumbnail\" alt=\"\" srcset=\"https:\/\/schraeglagen-training.de\/2.0\/wp-content\/uploads\/2014\/01\/K1024_N\u00fcrburgring-Schr\u00e4glagentraining-03.09.2013-bis-04.09.2013-02-150x150.jpg 150w, https:\/\/schraeglagen-training.de\/2.0\/wp-content\/uploads\/2014\/01\/K1024_N\u00fcrburgring-Schr\u00e4glagentraining-03.09.2013-bis-04.09.2013-02-432x432.jpg 432w, https:\/\/schraeglagen-training.de\/2.0\/wp-content\/uploads\/2014\/01\/K1024_N\u00fcrburgring-Schr\u00e4glagentraining-03.09.2013-bis-04.09.2013-02-268x268.jpg 268w\" sizes=\"auto, (max-width: 150px) 100vw, 150px\" \/><\/a>\n\t\t\t<\/div><\/figure><figure class='gallery-item'>\n\t\t\t<div class='gallery-icon landscape'>\n\t\t\t\t<a rel='attachment' href='https:\/\/schraeglagen-training.de\/2.0\/wp-content\/uploads\/2014\/01\/K1024_N\u00fcrburgring-Schr\u00e4glagentraining-03.09.2013-bis-04.09.2013-04.jpg'><img loading=\"lazy\" decoding=\"async\" width=\"150\" height=\"150\" src=\"https:\/\/schraeglagen-training.de\/2.0\/wp-content\/uploads\/2014\/01\/K1024_N\u00fcrburgring-Schr\u00e4glagentraining-03.09.2013-bis-04.09.2013-04-150x150.jpg\" class=\"attachment-thumbnail size-thumbnail\" alt=\"\" srcset=\"https:\/\/schraeglagen-training.de\/2.0\/wp-content\/uploads\/2014\/01\/K1024_N\u00fcrburgring-Schr\u00e4glagentraining-03.09.2013-bis-04.09.2013-04-150x150.jpg 150w, https:\/\/schraeglagen-training.de\/2.0\/wp-content\/uploads\/2014\/01\/K1024_N\u00fcrburgring-Schr\u00e4glagentraining-03.09.2013-bis-04.09.2013-04-432x432.jpg 432w, https:\/\/schraeglagen-training.de\/2.0\/wp-content\/uploads\/2014\/01\/K1024_N\u00fcrburgring-Schr\u00e4glagentraining-03.09.2013-bis-04.09.2013-04-268x268.jpg 268w\" sizes=\"auto, (max-width: 150px) 100vw, 150px\" \/><\/a>\n\t\t\t<\/div><\/figure><figure class='gallery-item'>\n\t\t\t<div class='gallery-icon landscape'>\n\t\t\t\t<a rel='attachment' href='https:\/\/schraeglagen-training.de\/2.0\/wp-content\/uploads\/2014\/01\/K1024_N\u00fcrburgring-Schr\u00e4glagentraining-03.09.2013-bis-04.09.2013-05.jpg'><img loading=\"lazy\" decoding=\"async\" width=\"150\" height=\"150\" src=\"https:\/\/schraeglagen-training.de\/2.0\/wp-content\/uploads\/2014\/01\/K1024_N\u00fcrburgring-Schr\u00e4glagentraining-03.09.2013-bis-04.09.2013-05-150x150.jpg\" class=\"attachment-thumbnail size-thumbnail\" alt=\"\" srcset=\"https:\/\/schraeglagen-training.de\/2.0\/wp-content\/uploads\/2014\/01\/K1024_N\u00fcrburgring-Schr\u00e4glagentraining-03.09.2013-bis-04.09.2013-05-150x150.jpg 150w, https:\/\/schraeglagen-training.de\/2.0\/wp-content\/uploads\/2014\/01\/K1024_N\u00fcrburgring-Schr\u00e4glagentraining-03.09.2013-bis-04.09.2013-05-432x432.jpg 432w, https:\/\/schraeglagen-training.de\/2.0\/wp-content\/uploads\/2014\/01\/K1024_N\u00fcrburgring-Schr\u00e4glagentraining-03.09.2013-bis-04.09.2013-05-268x268.jpg 268w\" sizes=\"auto, (max-width: 150px) 100vw, 150px\" \/><\/a>\n\t\t\t<\/div><\/figure><figure class='gallery-item'>\n\t\t\t<div class='gallery-icon landscape'>\n\t\t\t\t<a rel='attachment' href='https:\/\/schraeglagen-training.de\/2.0\/wp-content\/uploads\/2014\/01\/K1024_N\u00fcrburgring-Schr\u00e4glagentraining-03.09.2013-bis-04.09.2013-06.jpg'><img loading=\"lazy\" decoding=\"async\" width=\"150\" height=\"150\" src=\"https:\/\/schraeglagen-training.de\/2.0\/wp-content\/uploads\/2014\/01\/K1024_N\u00fcrburgring-Schr\u00e4glagentraining-03.09.2013-bis-04.09.2013-06-150x150.jpg\" class=\"attachment-thumbnail size-thumbnail\" alt=\"\" srcset=\"https:\/\/schraeglagen-training.de\/2.0\/wp-content\/uploads\/2014\/01\/K1024_N\u00fcrburgring-Schr\u00e4glagentraining-03.09.2013-bis-04.09.2013-06-150x150.jpg 150w, https:\/\/schraeglagen-training.de\/2.0\/wp-content\/uploads\/2014\/01\/K1024_N\u00fcrburgring-Schr\u00e4glagentraining-03.09.2013-bis-04.09.2013-06-432x432.jpg 432w, https:\/\/schraeglagen-training.de\/2.0\/wp-content\/uploads\/2014\/01\/K1024_N\u00fcrburgring-Schr\u00e4glagentraining-03.09.2013-bis-04.09.2013-06-268x268.jpg 268w\" sizes=\"auto, (max-width: 150px) 100vw, 150px\" \/><\/a>\n\t\t\t<\/div><\/figure><figure class='gallery-item'>\n\t\t\t<div class='gallery-icon landscape'>\n\t\t\t\t<a rel='attachment' href='https:\/\/schraeglagen-training.de\/2.0\/wp-content\/uploads\/2014\/01\/K1024_N\u00fcrburgring-Schr\u00e4glagentraining-03.09.2013-bis-04.09.2013-07.jpg'><img loading=\"lazy\" decoding=\"async\" width=\"150\" height=\"150\" src=\"https:\/\/schraeglagen-training.de\/2.0\/wp-content\/uploads\/2014\/01\/K1024_N\u00fcrburgring-Schr\u00e4glagentraining-03.09.2013-bis-04.09.2013-07-150x150.jpg\" class=\"attachment-thumbnail size-thumbnail\" alt=\"\" srcset=\"https:\/\/schraeglagen-training.de\/2.0\/wp-content\/uploads\/2014\/01\/K1024_N\u00fcrburgring-Schr\u00e4glagentraining-03.09.2013-bis-04.09.2013-07-150x150.jpg 150w, https:\/\/schraeglagen-training.de\/2.0\/wp-content\/uploads\/2014\/01\/K1024_N\u00fcrburgring-Schr\u00e4glagentraining-03.09.2013-bis-04.09.2013-07-432x432.jpg 432w, https:\/\/schraeglagen-training.de\/2.0\/wp-content\/uploads\/2014\/01\/K1024_N\u00fcrburgring-Schr\u00e4glagentraining-03.09.2013-bis-04.09.2013-07-268x268.jpg 268w\" sizes=\"auto, (max-width: 150px) 100vw, 150px\" \/><\/a>\n\t\t\t<\/div><\/figure><figure class='gallery-item'>\n\t\t\t<div class='gallery-icon landscape'>\n\t\t\t\t<a rel='attachment' href='https:\/\/schraeglagen-training.de\/2.0\/wp-content\/uploads\/2014\/01\/K1024_N\u00fcrburgring-Schr\u00e4glagentraining-03.09.2013-bis-04.09.2013-08.jpg'><img loading=\"lazy\" decoding=\"async\" width=\"150\" height=\"150\" src=\"https:\/\/schraeglagen-training.de\/2.0\/wp-content\/uploads\/2014\/01\/K1024_N\u00fcrburgring-Schr\u00e4glagentraining-03.09.2013-bis-04.09.2013-08-150x150.jpg\" class=\"attachment-thumbnail size-thumbnail\" alt=\"\" srcset=\"https:\/\/schraeglagen-training.de\/2.0\/wp-content\/uploads\/2014\/01\/K1024_N\u00fcrburgring-Schr\u00e4glagentraining-03.09.2013-bis-04.09.2013-08-150x150.jpg 150w, https:\/\/schraeglagen-training.de\/2.0\/wp-content\/uploads\/2014\/01\/K1024_N\u00fcrburgring-Schr\u00e4glagentraining-03.09.2013-bis-04.09.2013-08-432x432.jpg 432w, https:\/\/schraeglagen-training.de\/2.0\/wp-content\/uploads\/2014\/01\/K1024_N\u00fcrburgring-Schr\u00e4glagentraining-03.09.2013-bis-04.09.2013-08-268x268.jpg 268w\" sizes=\"auto, (max-width: 150px) 100vw, 150px\" \/><\/a>\n\t\t\t<\/div><\/figure><figure class='gallery-item'>\n\t\t\t<div class='gallery-icon landscape'>\n\t\t\t\t<a rel='attachment' href='https:\/\/schraeglagen-training.de\/2.0\/wp-content\/uploads\/2014\/01\/K1024_N\u00fcrburgring-Schr\u00e4glagentraining-03.09.2013-bis-04.09.2013-09.jpg'><img loading=\"lazy\" decoding=\"async\" width=\"150\" height=\"150\" src=\"https:\/\/schraeglagen-training.de\/2.0\/wp-content\/uploads\/2014\/01\/K1024_N\u00fcrburgring-Schr\u00e4glagentraining-03.09.2013-bis-04.09.2013-09-150x150.jpg\" class=\"attachment-thumbnail size-thumbnail\" alt=\"\" srcset=\"https:\/\/schraeglagen-training.de\/2.0\/wp-content\/uploads\/2014\/01\/K1024_N\u00fcrburgring-Schr\u00e4glagentraining-03.09.2013-bis-04.09.2013-09-150x150.jpg 150w, https:\/\/schraeglagen-training.de\/2.0\/wp-content\/uploads\/2014\/01\/K1024_N\u00fcrburgring-Schr\u00e4glagentraining-03.09.2013-bis-04.09.2013-09-432x432.jpg 432w, https:\/\/schraeglagen-training.de\/2.0\/wp-content\/uploads\/2014\/01\/K1024_N\u00fcrburgring-Schr\u00e4glagentraining-03.09.2013-bis-04.09.2013-09-268x268.jpg 268w\" sizes=\"auto, (max-width: 150px) 100vw, 150px\" \/><\/a>\n\t\t\t<\/div><\/figure><figure class='gallery-item'>\n\t\t\t<div class='gallery-icon landscape'>\n\t\t\t\t<a rel='attachment' href='https:\/\/schraeglagen-training.de\/2.0\/wp-content\/uploads\/2014\/01\/K1024_N\u00fcrburgring-Schr\u00e4glagentraining-03.09.2013-bis-04.09.2013-10.jpg'><img loading=\"lazy\" decoding=\"async\" width=\"150\" height=\"150\" src=\"https:\/\/schraeglagen-training.de\/2.0\/wp-content\/uploads\/2014\/01\/K1024_N\u00fcrburgring-Schr\u00e4glagentraining-03.09.2013-bis-04.09.2013-10-150x150.jpg\" class=\"attachment-thumbnail size-thumbnail\" alt=\"\" srcset=\"https:\/\/schraeglagen-training.de\/2.0\/wp-content\/uploads\/2014\/01\/K1024_N\u00fcrburgring-Schr\u00e4glagentraining-03.09.2013-bis-04.09.2013-10-150x150.jpg 150w, https:\/\/schraeglagen-training.de\/2.0\/wp-content\/uploads\/2014\/01\/K1024_N\u00fcrburgring-Schr\u00e4glagentraining-03.09.2013-bis-04.09.2013-10-432x432.jpg 432w, https:\/\/schraeglagen-training.de\/2.0\/wp-content\/uploads\/2014\/01\/K1024_N\u00fcrburgring-Schr\u00e4glagentraining-03.09.2013-bis-04.09.2013-10-268x268.jpg 268w\" sizes=\"auto, (max-width: 150px) 100vw, 150px\" \/><\/a>\n\t\t\t<\/div><\/figure><figure class='gallery-item'>\n\t\t\t<div class='gallery-icon landscape'>\n\t\t\t\t<a rel='attachment' href='https:\/\/schraeglagen-training.de\/2.0\/wp-content\/uploads\/2014\/01\/K1024_N\u00fcrburgring-Schr\u00e4glagentraining-03.09.2013-bis-04.09.2013-11.jpg'><img loading=\"lazy\" decoding=\"async\" width=\"150\" height=\"150\" src=\"https:\/\/schraeglagen-training.de\/2.0\/wp-content\/uploads\/2014\/01\/K1024_N\u00fcrburgring-Schr\u00e4glagentraining-03.09.2013-bis-04.09.2013-11-150x150.jpg\" class=\"attachment-thumbnail size-thumbnail\" alt=\"\" srcset=\"https:\/\/schraeglagen-training.de\/2.0\/wp-content\/uploads\/2014\/01\/K1024_N\u00fcrburgring-Schr\u00e4glagentraining-03.09.2013-bis-04.09.2013-11-150x150.jpg 150w, https:\/\/schraeglagen-training.de\/2.0\/wp-content\/uploads\/2014\/01\/K1024_N\u00fcrburgring-Schr\u00e4glagentraining-03.09.2013-bis-04.09.2013-11-432x432.jpg 432w, https:\/\/schraeglagen-training.de\/2.0\/wp-content\/uploads\/2014\/01\/K1024_N\u00fcrburgring-Schr\u00e4glagentraining-03.09.2013-bis-04.09.2013-11-268x268.jpg 268w\" sizes=\"auto, (max-width: 150px) 100vw, 150px\" \/><\/a>\n\t\t\t<\/div><\/figure><figure class='gallery-item'>\n\t\t\t<div class='gallery-icon portrait'>\n\t\t\t\t<a rel='attachment' href='https:\/\/schraeglagen-training.de\/2.0\/wp-content\/uploads\/2014\/01\/K1024_N\u00fcrburgring-Schr\u00e4glagentraining-03.09.2013-bis-04.09.2013-12.jpg'><img loading=\"lazy\" decoding=\"async\" width=\"150\" height=\"150\" src=\"https:\/\/schraeglagen-training.de\/2.0\/wp-content\/uploads\/2014\/01\/K1024_N\u00fcrburgring-Schr\u00e4glagentraining-03.09.2013-bis-04.09.2013-12-150x150.jpg\" class=\"attachment-thumbnail size-thumbnail\" alt=\"\" srcset=\"https:\/\/schraeglagen-training.de\/2.0\/wp-content\/uploads\/2014\/01\/K1024_N\u00fcrburgring-Schr\u00e4glagentraining-03.09.2013-bis-04.09.2013-12-150x150.jpg 150w, https:\/\/schraeglagen-training.de\/2.0\/wp-content\/uploads\/2014\/01\/K1024_N\u00fcrburgring-Schr\u00e4glagentraining-03.09.2013-bis-04.09.2013-12-432x432.jpg 432w, https:\/\/schraeglagen-training.de\/2.0\/wp-content\/uploads\/2014\/01\/K1024_N\u00fcrburgring-Schr\u00e4glagentraining-03.09.2013-bis-04.09.2013-12-268x268.jpg 268w\" sizes=\"auto, (max-width: 150px) 100vw, 150px\" \/><\/a>\n\t\t\t<\/div><\/figure><figure class='gallery-item'>\n\t\t\t<div class='gallery-icon landscape'>\n\t\t\t\t<a rel='attachment' href='https:\/\/schraeglagen-training.de\/2.0\/wp-content\/uploads\/2014\/01\/K1024_N\u00fcrburgring-Schr\u00e4glagentraining-03.09.2013-bis-04.09.2013-13.jpg'><img loading=\"lazy\" decoding=\"async\" width=\"150\" height=\"150\" src=\"https:\/\/schraeglagen-training.de\/2.0\/wp-content\/uploads\/2014\/01\/K1024_N\u00fcrburgring-Schr\u00e4glagentraining-03.09.2013-bis-04.09.2013-13-150x150.jpg\" class=\"attachment-thumbnail size-thumbnail\" alt=\"\" srcset=\"https:\/\/schraeglagen-training.de\/2.0\/wp-content\/uploads\/2014\/01\/K1024_N\u00fcrburgring-Schr\u00e4glagentraining-03.09.2013-bis-04.09.2013-13-150x150.jpg 150w, https:\/\/schraeglagen-training.de\/2.0\/wp-content\/uploads\/2014\/01\/K1024_N\u00fcrburgring-Schr\u00e4glagentraining-03.09.2013-bis-04.09.2013-13-432x432.jpg 432w, https:\/\/schraeglagen-training.de\/2.0\/wp-content\/uploads\/2014\/01\/K1024_N\u00fcrburgring-Schr\u00e4glagentraining-03.09.2013-bis-04.09.2013-13-268x268.jpg 268w\" sizes=\"auto, (max-width: 150px) 100vw, 150px\" \/><\/a>\n\t\t\t<\/div><\/figure><figure class='gallery-item'>\n\t\t\t<div class='gallery-icon landscape'>\n\t\t\t\t<a rel='attachment' href='https:\/\/schraeglagen-training.de\/2.0\/wp-content\/uploads\/2014\/01\/K1024_N\u00fcrburgring-Schr\u00e4glagentraining-03.09.2013-bis-04.09.2013-14.jpg'><img loading=\"lazy\" decoding=\"async\" width=\"150\" height=\"150\" src=\"https:\/\/schraeglagen-training.de\/2.0\/wp-content\/uploads\/2014\/01\/K1024_N\u00fcrburgring-Schr\u00e4glagentraining-03.09.2013-bis-04.09.2013-14-150x150.jpg\" class=\"attachment-thumbnail size-thumbnail\" alt=\"\" srcset=\"https:\/\/schraeglagen-training.de\/2.0\/wp-content\/uploads\/2014\/01\/K1024_N\u00fcrburgring-Schr\u00e4glagentraining-03.09.2013-bis-04.09.2013-14-150x150.jpg 150w, https:\/\/schraeglagen-training.de\/2.0\/wp-content\/uploads\/2014\/01\/K1024_N\u00fcrburgring-Schr\u00e4glagentraining-03.09.2013-bis-04.09.2013-14-432x432.jpg 432w, https:\/\/schraeglagen-training.de\/2.0\/wp-content\/uploads\/2014\/01\/K1024_N\u00fcrburgring-Schr\u00e4glagentraining-03.09.2013-bis-04.09.2013-14-268x268.jpg 268w\" sizes=\"auto, (max-width: 150px) 100vw, 150px\" \/><\/a>\n\t\t\t<\/div><\/figure><figure class='gallery-item'>\n\t\t\t<div class='gallery-icon landscape'>\n\t\t\t\t<a rel='attachment' href='https:\/\/schraeglagen-training.de\/2.0\/wp-content\/uploads\/2014\/01\/K1024_N\u00fcrburgring-Schr\u00e4glagentraining-03.09.2013-bis-04.09.2013-15.jpg'><img loading=\"lazy\" decoding=\"async\" width=\"150\" height=\"150\" src=\"https:\/\/schraeglagen-training.de\/2.0\/wp-content\/uploads\/2014\/01\/K1024_N\u00fcrburgring-Schr\u00e4glagentraining-03.09.2013-bis-04.09.2013-15-150x150.jpg\" class=\"attachment-thumbnail size-thumbnail\" alt=\"\" srcset=\"https:\/\/schraeglagen-training.de\/2.0\/wp-content\/uploads\/2014\/01\/K1024_N\u00fcrburgring-Schr\u00e4glagentraining-03.09.2013-bis-04.09.2013-15-150x150.jpg 150w, https:\/\/schraeglagen-training.de\/2.0\/wp-content\/uploads\/2014\/01\/K1024_N\u00fcrburgring-Schr\u00e4glagentraining-03.09.2013-bis-04.09.2013-15-432x432.jpg 432w, https:\/\/schraeglagen-training.de\/2.0\/wp-content\/uploads\/2014\/01\/K1024_N\u00fcrburgring-Schr\u00e4glagentraining-03.09.2013-bis-04.09.2013-15-268x268.jpg 268w\" sizes=\"auto, (max-width: 150px) 100vw, 150px\" \/><\/a>\n\t\t\t<\/div><\/figure><figure class='gallery-item'>\n\t\t\t<div class='gallery-icon landscape'>\n\t\t\t\t<a rel='attachment' href='https:\/\/schraeglagen-training.de\/2.0\/wp-content\/uploads\/2014\/01\/K1024_N\u00fcrburgring-Schr\u00e4glagentraining-03.09.2013-bis-04.09.2013-16.jpg'><img loading=\"lazy\" decoding=\"async\" width=\"150\" height=\"150\" src=\"https:\/\/schraeglagen-training.de\/2.0\/wp-content\/uploads\/2014\/01\/K1024_N\u00fcrburgring-Schr\u00e4glagentraining-03.09.2013-bis-04.09.2013-16-150x150.jpg\" class=\"attachment-thumbnail size-thumbnail\" alt=\"\" srcset=\"https:\/\/schraeglagen-training.de\/2.0\/wp-content\/uploads\/2014\/01\/K1024_N\u00fcrburgring-Schr\u00e4glagentraining-03.09.2013-bis-04.09.2013-16-150x150.jpg 150w, https:\/\/schraeglagen-training.de\/2.0\/wp-content\/uploads\/2014\/01\/K1024_N\u00fcrburgring-Schr\u00e4glagentraining-03.09.2013-bis-04.09.2013-16-432x432.jpg 432w, https:\/\/schraeglagen-training.de\/2.0\/wp-content\/uploads\/2014\/01\/K1024_N\u00fcrburgring-Schr\u00e4glagentraining-03.09.2013-bis-04.09.2013-16-268x268.jpg 268w\" sizes=\"auto, (max-width: 150px) 100vw, 150px\" \/><\/a>\n\t\t\t<\/div><\/figure>\n\t\t<\/div>\n\n","protected":false},"excerpt":{"rendered":"<p>Teil 04 &#8211; Schr\u00e4glagen-Training mit Reinhard am N\u00fcrburgring<\/p>\n","protected":false},"author":1,"featured_media":0,"parent":89,"menu_order":4,"comment_status":"closed","ping_status":"closed","template":"","meta":{"footnotes":""},"class_list":["post-653","page","type-page","status-publish","hentry","column","onecol"],"_links":{"self":[{"href":"https:\/\/schraeglagen-training.de\/2.0\/wp-json\/wp\/v2\/pages\/653","targetHints":{"allow":["GET"]}}],"collection":[{"href":"https:\/\/schraeglagen-training.de\/2.0\/wp-json\/wp\/v2\/pages"}],"about":[{"href":"https:\/\/schraeglagen-training.de\/2.0\/wp-json\/wp\/v2\/types\/page"}],"author":[{"embeddable":true,"href":"https:\/\/schraeglagen-training.de\/2.0\/wp-json\/wp\/v2\/users\/1"}],"replies":[{"embeddable":true,"href":"https:\/\/schraeglagen-training.de\/2.0\/wp-json\/wp\/v2\/comments?post=653"}],"version-history":[{"count":1,"href":"https:\/\/schraeglagen-training.de\/2.0\/wp-json\/wp\/v2\/pages\/653\/revisions"}],"predecessor-version":[{"id":668,"href":"https:\/\/schraeglagen-training.de\/2.0\/wp-json\/wp\/v2\/pages\/653\/revisions\/668"}],"up":[{"embeddable":true,"href":"https:\/\/schraeglagen-training.de\/2.0\/wp-json\/wp\/v2\/pages\/89"}],"wp:attachment":[{"href":"https:\/\/schraeglagen-training.de\/2.0\/wp-json\/wp\/v2\/media?parent=653"}],"curies":[{"name":"wp","href":"https:\/\/api.w.org\/{rel}","templated":true}]}}