{"id":74,"date":"2013-12-03T09:59:21","date_gmt":"2013-12-03T08:59:21","guid":{"rendered":"http:\/\/schraeglagen-training.de\/2.0\/?page_id=74"},"modified":"2014-01-09T11:58:08","modified_gmt":"2014-01-09T10:58:08","slug":"kontakt","status":"publish","type":"page","link":"https:\/\/schraeglagen-training.de\/2.0\/kontakt\/","title":{"rendered":"Kontakt"},"content":{"rendered":"<p><strong>Um Kontakt zu uns<\/strong> aufzunehmen, wendet Euch an die folgende Adresse oder schreibt uns \u00fcber dieses Kontaktformular (bitte m\u00f6glichst vollst\u00e4ndig ausf\u00fcllen).<\/p>\n<h3><span style=\"color: #ff0000;\">Hinweis: dies ist der Sitz der GbR, <span style=\"text-decoration: underline;\">nicht<\/span> die <a title=\"Wegbeschreibung\" href=\"http:\/\/schraeglagen-training.de\/2.0\/wegbeschreibung\/\">Adresse des Trainingsgel\u00e4ndes<\/a>!<\/span><\/h3>\n\n<div class=\"wpcf7 no-js\" id=\"wpcf7-f481-o1\" lang=\"de-DE\" dir=\"ltr\" data-wpcf7-id=\"481\">\n<div class=\"screen-reader-response\"><p role=\"status\" aria-live=\"polite\" aria-atomic=\"true\"><\/p> <ul><\/ul><\/div>\n<form action=\"\/2.0\/wp-json\/wp\/v2\/pages\/74#wpcf7-f481-o1\" method=\"post\" class=\"wpcf7-form init\" aria-label=\"Kontaktformular\" novalidate=\"novalidate\" data-status=\"init\">\n<fieldset class=\"hidden-fields-container\"><input type=\"hidden\" name=\"_wpcf7\" value=\"481\" \/><input type=\"hidden\" name=\"_wpcf7_version\" value=\"6.1.5\" \/><input type=\"hidden\" name=\"_wpcf7_locale\" value=\"de_DE\" \/><input type=\"hidden\" name=\"_wpcf7_unit_tag\" value=\"wpcf7-f481-o1\" \/><input type=\"hidden\" name=\"_wpcf7_container_post\" value=\"0\" \/><input type=\"hidden\" name=\"_wpcf7_posted_data_hash\" value=\"\" \/><input type=\"hidden\" name=\"_wpcf7_recaptcha_response\" value=\"\" \/>\n<\/fieldset>\n<!-- linke spalte -->\n<div class=\"column twocol\">\n\t<p><strong>TEAM Schraeglagen-Training.de<br \/>\nc\/o Reinhard Schmitz<br \/>\nSchmitz-R\u00f6der GbR<br \/>\nFirmensitz: Lindenweg 9<br \/>\n56299 Ochtendung;<br \/>\nTrainingsfl\u00e4che: 56154 Boppard-Buchholz, Kratzenburger Landstra\u00dfe<br \/>\nTelefon Reinhard:<br \/>\n0 26 25 \/ 77 78 oder 0151 \/ 56 07 78 13<br \/>\nTelefon Michael:<br \/>\n0172 \/ 7 00 51 84<br \/>\nFax:<br \/>\n0 26 25 \/ 82 00 97<br \/>\nE-Mail:<br \/>\nmail@schraeglagen-training.de<\/strong>\n\t<\/p>\n<\/div>\n\n<!-- rechte spalte -->\n<div class=\"column twocol\">\n\t<p>Vorname (Pflichtfeld)<br \/>\n<span class=\"wpcf7-form-control-wrap\" data-name=\"Vorname\"><input size=\"40\" maxlength=\"400\" class=\"wpcf7-form-control wpcf7-text wpcf7-validates-as-required\" tabindex=\"1\" aria-required=\"true\" aria-invalid=\"false\" value=\"\" type=\"text\" name=\"Vorname\" \/><\/span>\n\t<\/p>\n\t<p>Nachname (Pflichtfeld)<br \/>\n<span class=\"wpcf7-form-control-wrap\" data-name=\"Nachname\"><input size=\"40\" maxlength=\"400\" class=\"wpcf7-form-control wpcf7-text wpcf7-validates-as-required\" tabindex=\"2\" aria-required=\"true\" aria-invalid=\"false\" value=\"\" type=\"text\" name=\"Nachname\" \/><\/span>\n\t<\/p>\n\t<p>Stra\u00dfe und Hausnummer<br \/>\n<span class=\"wpcf7-form-control-wrap\" data-name=\"Strasse\"><input size=\"40\" maxlength=\"400\" class=\"wpcf7-form-control wpcf7-text\" tabindex=\"3\" aria-invalid=\"false\" value=\"\" type=\"text\" name=\"Strasse\" \/><\/span>\n\t<\/p>\n\t<p>Postleitzahl und Ort<br \/>\n<span class=\"wpcf7-form-control-wrap\" data-name=\"PLZ\"><input size=\"7\" maxlength=\"9\" class=\"wpcf7-form-control wpcf7-text\" tabindex=\"4\" aria-invalid=\"false\" value=\"\" type=\"text\" name=\"PLZ\" \/><\/span>&nbsp;<span class=\"wpcf7-form-control-wrap\" data-name=\"Ort\"><input size=\"26\" maxlength=\"200\" class=\"wpcf7-form-control wpcf7-text\" tabindex=\"5\" aria-invalid=\"false\" value=\"\" type=\"text\" name=\"Ort\" \/><\/span>\n\t<\/p>\n\t<p>Telefon<br \/>\n<span class=\"wpcf7-form-control-wrap\" data-name=\"Telefon\"><input size=\"40\" maxlength=\"400\" class=\"wpcf7-form-control wpcf7-text\" tabindex=\"6\" aria-invalid=\"false\" value=\"\" type=\"text\" name=\"Telefon\" \/><\/span>\n\t<\/p>\n\t<p>Telefax<br \/>\n<span class=\"wpcf7-form-control-wrap\" data-name=\"Telefax\"><input size=\"40\" maxlength=\"400\" class=\"wpcf7-form-control wpcf7-text\" tabindex=\"7\" aria-invalid=\"false\" value=\"\" type=\"text\" name=\"Telefax\" \/><\/span>\n\t<\/p>\n\t<p>E-Mail-Adresse (Pflichtfeld)<br \/>\n<span class=\"wpcf7-form-control-wrap\" data-name=\"your-email\"><input size=\"40\" maxlength=\"400\" class=\"wpcf7-form-control wpcf7-email wpcf7-validates-as-required wpcf7-text wpcf7-validates-as-email\" tabindex=\"8\" aria-required=\"true\" aria-invalid=\"false\" value=\"\" type=\"email\" name=\"your-email\" \/><\/span>\n\t<\/p>\n\t<p>Ich m\u00f6chte hin und wieder vom TEAM Schraeglagen-Training.de per Email \u00fcber Neuigkeiten rund um ihr Trainingsangebot informiert werden:<br \/>\n<span class=\"wpcf7-form-control-wrap\" data-name=\"NL\"><span class=\"wpcf7-form-control wpcf7-radio\"><span class=\"wpcf7-list-item first\"><input type=\"radio\" name=\"NL\" value=\"Ja\" checked=\"checked\" tabindex=\"9\" \/><span class=\"wpcf7-list-item-label\">Ja<\/span><\/span><span class=\"wpcf7-list-item last\"><input type=\"radio\" name=\"NL\" value=\"Nein\" tabindex=\"10\" \/><span class=\"wpcf7-list-item-label\">Nein<\/span><\/span><\/span><\/span>\n\t<\/p>\n\t<p>Nachricht:\n\t<\/p>\n\t<p><span class=\"wpcf7-form-control-wrap\" data-name=\"your-message\"><textarea cols=\"50\" rows=\"6\" maxlength=\"2000\" class=\"wpcf7-form-control wpcf7-textarea\" tabindex=\"10\" aria-invalid=\"false\" name=\"your-message\"><\/textarea><\/span>\n\t<\/p>\n\t<p class=\"notice info\" style=\"font-weight: bold; margin-bottom:0px\"><span class=\"wpcf7-form-control-wrap\" data-name=\"ds\"><span class=\"wpcf7-form-control wpcf7-acceptance\"><span class=\"wpcf7-list-item\"><input type=\"checkbox\" name=\"ds\" value=\"1\" tabindex=\"20\" aria-invalid=\"false\" \/><\/span><\/span><\/span> Ja, ich m\u00f6chte, dass Schr\u00e4glagen-Training mich kontaktiert und akzeptiere die <a title=\"Datenschutzerkl\u00e4rung\" href=\"http:\/\/schraeglagen-training.de\/2.0\/datenschutzerklaerung\/\">Datenschutzerkl\u00e4rung<\/a> mit n\u00e4heren Informationen zu Widerrufs- und Nutzerrechten.\n\t<\/p>\n\t<p>&nbsp;\n\t<\/p>\n\n\t<p><input class=\"wpcf7-form-control wpcf7-submit has-spinner\" type=\"submit\" value=\"Senden\" \/>\n\t<\/p>\n<\/div><div class=\"wpcf7-response-output\" aria-hidden=\"true\"><\/div>\n<\/form>\n<\/div>\n\n","protected":false},"excerpt":{"rendered":"<p>Um Kontakt zu uns aufzunehmen, wendet Euch an die folgende Adresse oder schreibt uns \u00fcber dieses Kontaktformular (bitte m\u00f6glichst vollst\u00e4ndig ausf\u00fcllen). Hinweis: dies ist der Sitz der GbR, nicht die Adresse des Trainingsgel\u00e4ndes!<\/p>\n","protected":false},"author":1,"featured_media":0,"parent":0,"menu_order":0,"comment_status":"closed","ping_status":"closed","template":"","meta":{"footnotes":""},"class_list":["post-74","page","type-page","status-publish","hentry","column","onecol"],"_links":{"self":[{"href":"https:\/\/schraeglagen-training.de\/2.0\/wp-json\/wp\/v2\/pages\/74","targetHints":{"allow":["GET"]}}],"collection":[{"href":"https:\/\/schraeglagen-training.de\/2.0\/wp-json\/wp\/v2\/pages"}],"about":[{"href":"https:\/\/schraeglagen-training.de\/2.0\/wp-json\/wp\/v2\/types\/page"}],"author":[{"embeddable":true,"href":"https:\/\/schraeglagen-training.de\/2.0\/wp-json\/wp\/v2\/users\/1"}],"replies":[{"embeddable":true,"href":"https:\/\/schraeglagen-training.de\/2.0\/wp-json\/wp\/v2\/comments?post=74"}],"version-history":[{"count":4,"href":"https:\/\/schraeglagen-training.de\/2.0\/wp-json\/wp\/v2\/pages\/74\/revisions"}],"predecessor-version":[{"id":770,"href":"https:\/\/schraeglagen-training.de\/2.0\/wp-json\/wp\/v2\/pages\/74\/revisions\/770"}],"wp:attachment":[{"href":"https:\/\/schraeglagen-training.de\/2.0\/wp-json\/wp\/v2\/media?parent=74"}],"curies":[{"name":"wp","href":"https:\/\/api.w.org\/{rel}","templated":true}]}}