{"id":8,"date":"2013-12-01T14:38:45","date_gmt":"2013-12-01T14:38:45","guid":{"rendered":"http:\/\/schraeglagen-training.de\/2.0\/home\/"},"modified":"2025-04-07T16:53:39","modified_gmt":"2025-04-07T14:53:39","slug":"home","status":"publish","type":"page","link":"https:\/\/schraeglagen-training.de\/2.0\/","title":{"rendered":"TEAM Schraeglagen-Training.de &#8211; wir neigen zum Schr\u00e4gen! | Motorrad-Kurventrainings, Sicherheitskurse, Rennstrecken-Events"},"content":{"rendered":"<h1><strong>Liebe Motorradbegeisterte<\/strong>,<\/h1>\n<p>wollt Ihr eure Kurventechnik verbessern? Oder endlich mal mit dem Knie am Boden fahren?<\/p>\n<figure class=\"wp-caption alignleft\" style=\"width: 225px; margin-top: 0px;\"><a href=\"https:\/\/schraeglagen-training.de\/2.0\/wp-content\/uploads\/2025\/04\/ducati-monster-supersport-s-2025.jpg\"><img loading=\"lazy\" decoding=\"async\" class=\"wp-image-2982 size-medium\" title=\"Trainingsbike\" src=\"https:\/\/schraeglagen-training.de\/2.0\/wp-content\/uploads\/2025\/04\/ducati-monster-supersport-s-2025-225x300.jpg\" alt=\"Ducati Monster und Supersport S\" width=\"225\" height=\"300\" srcset=\"https:\/\/schraeglagen-training.de\/2.0\/wp-content\/uploads\/2025\/04\/ducati-monster-supersport-s-2025-225x300.jpg 225w, https:\/\/schraeglagen-training.de\/2.0\/wp-content\/uploads\/2025\/04\/ducati-monster-supersport-s-2025-700x933.jpg 700w, https:\/\/schraeglagen-training.de\/2.0\/wp-content\/uploads\/2025\/04\/ducati-monster-supersport-s-2025-332x443.jpg 332w, https:\/\/schraeglagen-training.de\/2.0\/wp-content\/uploads\/2025\/04\/ducati-monster-supersport-s-2025.jpg 768w\" sizes=\"auto, (max-width: 225px) 100vw, 225px\" \/><\/a><figcaption id=\"caption-attachment-2982\" class=\"wp-caption-text\">Unsere aktuellen Bikes: Die Monster und die Supersport S<\/figcaption><\/figure>\n<p style=\"text-align: left;\">Seit 18 Jahren schulen wir erfolgreich Motorradfahrerinnen und Motorradfahrer. Profitiert auch Ihr von unseren bew\u00e4hrten Methoden, die wir mit viel Spa\u00df am Fahren mit erstklassigen Trainigsmaschinen kombinieren! Wir stehen in enger Kooperation mit Ducati Deutschland, was Euch immer die neuesten Modelle dieses namhaften Herstellers garantiert.<\/p>\n<p style=\"text-align: left;\">Auf jeden Fall seid Ihr bei uns richtig &#8211; denn gut um die Kurve zu kommen ist unsere Spezialit\u00e4t!<\/p>\n<p style=\"text-align: left;\">Wir bieten Euch <strong>Schr\u00e4glagen-Trainings f\u00fcr Anf\u00e4nger bis Profis<\/strong> auf speziell ausger\u00fcsteten Motorr\u00e4dern, <strong>kombinierte Sicherheits- und Schr\u00e4glagen-Trainings<\/strong> mit dem eigenen und mit einem gestellten Motorrad, <strong>Intensivtrainings<\/strong> auf der eigenen Maschine, sowie unser Fahrertraining in Chambley bei Metz oder das sportliche <strong>Rennstrecken-Training \u201cDucati 4U\u201d<\/strong> auf verschiedenen Pisten!<\/p>\n<p>Schaut Euch in Ruhe auf unserer Seite um. Hier findet Ihr alles Wissenswerte rund um unser Angebot, und f\u00fcr weitere Fragen stehen wir immer gerne zur Verf\u00fcgung.<\/p>\n<p>Unter &#8222;<a title=\"Kontakt\" href=\"http:\/\/schraeglagen-training.de\/2.0\/kontakt\/\">Kontakt<\/a>&#8220; findet Ihr alle n\u00f6tigen Daten um uns zu erreichen.<\/p>\n<p>Viel Spa\u00df beim St\u00f6bern und vielleicht bis bald!<\/p>\n<h2><strong>Euer TEAM Schraeglagen-Training.de<\/strong><\/h2>\n","protected":false},"excerpt":{"rendered":"<p>Liebe Motorradbegeisterte, wollt Ihr eure Kurventechnik verbessern? Oder endlich mal mit dem Knie am Boden fahren? Unsere aktuellen Bikes: Die Monster und die Supersport S Seit 18 Jahren schulen wir erfolgreich Motorradfahrerinnen und Motorradfahrer. Profitiert auch Ihr von unseren bew\u00e4hrten Methoden, die wir mit viel Spa\u00df am Fahren mit erstklassigen &#8230;<\/p>\n","protected":false},"author":1,"featured_media":0,"parent":0,"menu_order":1,"comment_status":"closed","ping_status":"closed","template":"","meta":{"footnotes":""},"class_list":["post-8","page","type-page","status-publish","hentry","column","onecol"],"_links":{"self":[{"href":"https:\/\/schraeglagen-training.de\/2.0\/wp-json\/wp\/v2\/pages\/8","targetHints":{"allow":["GET"]}}],"collection":[{"href":"https:\/\/schraeglagen-training.de\/2.0\/wp-json\/wp\/v2\/pages"}],"about":[{"href":"https:\/\/schraeglagen-training.de\/2.0\/wp-json\/wp\/v2\/types\/page"}],"author":[{"embeddable":true,"href":"https:\/\/schraeglagen-training.de\/2.0\/wp-json\/wp\/v2\/users\/1"}],"replies":[{"embeddable":true,"href":"https:\/\/schraeglagen-training.de\/2.0\/wp-json\/wp\/v2\/comments?post=8"}],"version-history":[{"count":20,"href":"https:\/\/schraeglagen-training.de\/2.0\/wp-json\/wp\/v2\/pages\/8\/revisions"}],"predecessor-version":[{"id":2987,"href":"https:\/\/schraeglagen-training.de\/2.0\/wp-json\/wp\/v2\/pages\/8\/revisions\/2987"}],"wp:attachment":[{"href":"https:\/\/schraeglagen-training.de\/2.0\/wp-json\/wp\/v2\/media?parent=8"}],"curies":[{"name":"wp","href":"https:\/\/api.w.org\/{rel}","templated":true}]}}