{"id":9,"date":"2013-12-01T14:38:45","date_gmt":"2013-12-01T14:38:45","guid":{"rendered":"http:\/\/schraeglagen-training.de\/2.0\/sample-one\/"},"modified":"2025-04-07T17:31:05","modified_gmt":"2025-04-07T15:31:05","slug":"das-team","status":"publish","type":"page","link":"https:\/\/schraeglagen-training.de\/2.0\/das-team\/","title":{"rendered":"Das Team"},"content":{"rendered":"\n<h1 class=\"wp-block-heading\">Das sind wir:<\/h1>\n\n\n\n<p>motorradbegeisterte Leute, die Euch mit Spa\u00df an der Sache die Freude am &#8222;Kurvenkratzen&#8220; n\u00e4herbringen m\u00f6chten!<\/p>\n\n\n\n<div class=\"columns\">\n<div class=\"column threecol\">\n<figure><a href=\"https:\/\/schraeglagen-training.de\/2.0\/wp-content\/uploads\/2020\/11\/K1024_ABCD5715-Reinhard.jpg\"><img loading=\"lazy\" decoding=\"async\" class=\"alignnone wp-image-2175 size-medium\" src=\"https:\/\/schraeglagen-training.de\/2.0\/wp-content\/uploads\/2020\/11\/K1024_ABCD5715-Reinhard-216x300.jpg\" alt=\"\" width=\"216\" height=\"300\" srcset=\"https:\/\/schraeglagen-training.de\/2.0\/wp-content\/uploads\/2020\/11\/K1024_ABCD5715-Reinhard-216x300.jpg 216w, https:\/\/schraeglagen-training.de\/2.0\/wp-content\/uploads\/2020\/11\/K1024_ABCD5715-Reinhard-332x460.jpg 332w, https:\/\/schraeglagen-training.de\/2.0\/wp-content\/uploads\/2020\/11\/K1024_ABCD5715-Reinhard.jpg 533w\" sizes=\"auto, (max-width: 216px) 100vw, 216px\" \/><\/a><\/figure><p><\/p>\n<\/div>\n<div class=\"column twothirdcol\"><p><strong>Reinhard <\/strong><br>Firmeninhaber und Euer Trainer f\u00fcr besseres Kurvenfahren und Ansprechpartner in Sachen Organisation und Anmeldung<\/p>\n<ul>\n<li>Instruktor f\u00fcr Motorrad-Sicherheitstrainings (ausgebildet nach den Richtlinien des DVR)<\/li>\n<li>Instruktor bei DUCATI4U Fahrertrainings (<a title=\"www.ducati-4u.de\" href=\"http:\/\/www.ducati-4u.de\" target=\"_blank\" rel=\"noopener\">www.ducati-4u.de<\/a>)<\/li>\n<li>Langj\u00e4hrige Erfahrungen auf der Rennstrecke, bei Renntrainings und Rennen<\/li>\n<\/ul>\n<\/div>\n<div class=\"clear\">&nbsp;<\/div>\n<\/div>\n\n\n\n<hr class=\"wp-block-separator has-css-opacity\"\/>\n\n\n\n<div class=\"columns\">\n<div class=\"column twothirdcol\"><p><strong>Michael<\/strong><br>Firmeninhaber und Euer Trainer f\u00fcr besseres Kurvenfahren; zudem zust\u00e4ndig f\u00fcr die Technik<\/p>\n<ul>\n<li>Instruktor f\u00fcr Motorrad-Sicherheitstrainings (ausgebildet nach den Richtlinien des DVR)<\/li>\n<li>Instruktor bei DUCATI4U Fahrertrainings (<a title=\"www.ducati-4u.de\" href=\"http:\/\/www.ducati-4u.de\" target=\"_blank\" rel=\"noopener\">www.ducati-4u.de<\/a>)<\/li>\n<li>Langj\u00e4hrige Erfahrungen auf der Rennstrecke, bei Renntrainings und Rennen<\/li>\n<\/ul>\n<\/div>\n<div class=\"column threecol\">\n<figure><a href=\"https:\/\/schraeglagen-training.de\/2.0\/wp-content\/uploads\/2020\/11\/K1024_ABCD5717_Michael.jpg\"><img loading=\"lazy\" decoding=\"async\" class=\"alignnone wp-image-2176 size-medium\" src=\"https:\/\/schraeglagen-training.de\/2.0\/wp-content\/uploads\/2020\/11\/K1024_ABCD5717_Michael-246x300.jpg\" alt=\"\" width=\"246\" height=\"300\" srcset=\"https:\/\/schraeglagen-training.de\/2.0\/wp-content\/uploads\/2020\/11\/K1024_ABCD5717_Michael-246x300.jpg 246w, https:\/\/schraeglagen-training.de\/2.0\/wp-content\/uploads\/2020\/11\/K1024_ABCD5717_Michael-332x405.jpg 332w, https:\/\/schraeglagen-training.de\/2.0\/wp-content\/uploads\/2020\/11\/K1024_ABCD5717_Michael.jpg 619w\" sizes=\"auto, (max-width: 246px) 100vw, 246px\" \/><\/a><\/figure><p><\/p>\n<\/div>\n<div class=\"clear\">&nbsp;<\/div>\n<\/div>\n\n\n\n<hr class=\"wp-block-separator has-css-opacity\"\/>\n\n\n\n<div class=\"columns\">\n<div class=\"column threecol\">\n<figure><a href=\"https:\/\/schraeglagen-training.de\/2.0\/wp-content\/uploads\/2021\/03\/K1024_20210320_101131-Jochem-1.jpg\"><img loading=\"lazy\" decoding=\"async\" class=\"alignnone wp-image-2214 size-medium\" src=\"https:\/\/schraeglagen-training.de\/2.0\/wp-content\/uploads\/2021\/03\/K1024_20210320_101131-Jochem-1-e1616758488362-225x300.jpg\" alt=\"\" width=\"225\" height=\"300\" srcset=\"https:\/\/schraeglagen-training.de\/2.0\/wp-content\/uploads\/2021\/03\/K1024_20210320_101131-Jochem-1-e1616758488362-225x300.jpg 225w, https:\/\/schraeglagen-training.de\/2.0\/wp-content\/uploads\/2021\/03\/K1024_20210320_101131-Jochem-1-e1616758488362.jpg 768w, https:\/\/schraeglagen-training.de\/2.0\/wp-content\/uploads\/2021\/03\/K1024_20210320_101131-Jochem-1-e1616758488362-700x933.jpg 700w, https:\/\/schraeglagen-training.de\/2.0\/wp-content\/uploads\/2021\/03\/K1024_20210320_101131-Jochem-1-e1616758488362-332x443.jpg 332w\" sizes=\"auto, (max-width: 225px) 100vw, 225px\" \/><\/a><\/figure>\n<\/div>\n<div class=\"column twothirdcol\"><p><strong>Jochem<\/strong><br>Euer Trainer f\u00fcr besseres Kurvenfahren.<\/p>\n<ul>\n<li>Motorradfahrer mit viel Rennstreckenerfahrung und als Instruktor<\/li>\n<\/ul>\n<\/div>\n<div class=\"clear\">&nbsp;<\/div>\n<\/div>\n\n\n\n<hr class=\"wp-block-separator has-css-opacity\"\/>\n\n\n\n<div class=\"columns\">\n<div class=\"column twothirdcol\"><p><strong>Dominik<\/strong><br>Euer Trainer f\u00fcr besseres Kurvenfahren und Sicherheitstrainer im Kombi-Training<\/p>\n<ul>\n<li>Motorradfahrer mit viel Erfahrung, auch bei Super-Moto-Rennen<\/li>\n<li>Sicherheitstrainer beim ADAC f\u00fcr PKW und Motorrad<\/li>\n<li>Instuktor bei DUCATI4U Fahrertrainings (www.ducati-4u.de)<\/li>\n<\/ul>\n<\/div>\n<div class=\"column threecol\">\n<figure><a href=\"https:\/\/schraeglagen-training.de\/2.0\/wp-content\/uploads\/2025\/04\/dominik.jpg\"><img loading=\"lazy\" decoding=\"async\" class=\"size-medium alignleft\" src=\"https:\/\/schraeglagen-training.de\/2.0\/wp-content\/uploads\/2025\/04\/dominik.jpg\" width=\"225\" height=\"300\"><\/a><\/figure>\n<\/div>\n<div class=\"clear\">&nbsp;<\/div>\n<\/div>\n\n\n\n<hr class=\"wp-block-separator has-css-opacity\"\/>\n\n\n\n<div class=\"columns\">\n<div class=\"column threecol\">\n<figure><a href=\"https:\/\/schraeglagen-training.de\/2.0\/wp-content\/uploads\/2019\/08\/Jan-Still-20190728_101342-e1564904868592.jpg\"><img loading=\"lazy\" decoding=\"async\" class=\"wp-image-1977 size-medium alignnone\" src=\"https:\/\/schraeglagen-training.de\/2.0\/wp-content\/uploads\/2019\/08\/Jan-Still-20190728_101342-e1564904848331-225x300.jpg\" width=\"225\" height=\"300\"><\/a><\/figure>\n<\/div>\n<div class=\"column twothirdcol\"><p><strong>Jan (&#8222;Locke&#8220;)<\/strong><br>Euer Trainer f\u00fcr besseres Kurvenfahren<\/p>\n<ul>\n<li>ausgebildeter Fahrlehrer und Instruktor f\u00fcr Rennstreckentrainings<\/li>\n<\/ul>\n<\/div>\t\n<div class=\"clear\">&nbsp;<\/div>\n<\/div>\n\n\n\n<hr class=\"wp-block-separator has-css-opacity\"\/>\n\n\n\n<div class=\"columns\">\n<div class=\"column twothirdcol\"><p><strong>Samuel<\/strong><br>Euer Trainer f\u00fcr besseres Kurvenfahren<\/p>\n<ul>\n<li>Motorradfahrer mit Rennstreckenerfahrung und als Instruktor f\u00fcr Rennstreckentrainings<\/li>\n<\/ul>\n<\/div>\n<div class=\"column threecol\">\n<figure><a href=\"https:\/\/schraeglagen-training.de\/2.0\/wp-content\/uploads\/2025\/04\/samuel.jpg\"><img loading=\"lazy\" decoding=\"async\" class=\"size-medium alignleft\" src=\"https:\/\/schraeglagen-training.de\/2.0\/wp-content\/uploads\/2025\/04\/samuel.jpg\" width=\"225\" height=\"300\"><\/a><\/figure>\n<\/div>\n<div class=\"clear\">&nbsp;<\/div>\n<\/div>\n\n\n\n<hr class=\"wp-block-separator has-css-opacity\"\/>\n\n\n\n<div class=\"columns\">\n<div class=\"column threecol\">\n<figure><a href=\"https:\/\/schraeglagen-training.de\/2.0\/wp-content\/uploads\/2025\/04\/markus.jpg\"><img loading=\"lazy\" decoding=\"async\" class=\"size-medium alignleft\" src=\"https:\/\/schraeglagen-training.de\/2.0\/wp-content\/uploads\/2025\/04\/markus.jpg\" width=\"225\" height=\"300\"><\/a><\/figure>\n<\/div>\n<div class=\"column twothirdcol\"><p><strong>Markus<\/strong><br>Euer Trainer f\u00fcr besseres Kurvenfahren<\/p>\n<ul>\n<li>Motorradfahrer mit sehr viel Erfahrung auf der Rennstrecke<\/li>\n<li>Instuktor bei unseren Fahrertrainings<\/li>\n<\/ul>\n<\/div>\t\n<div class=\"clear\">&nbsp;<\/div>\n<\/div>\n\n\n\n<hr class=\"wp-block-separator has-css-opacity\"\/>\n\n\n\n<div class=\"columns\">\n<div class=\"column twothirdcol\"><p><strong>Sabrina<\/strong><\/p>\n<ul>\n<li>Social Media Beauftragte und Instruktorin bei unseren Fahrertrainings<\/li>\n<\/ul>\n<\/div>\n<div class=\"column threecol\">\n<figure><a href=\"https:\/\/schraeglagen-training.de\/2.0\/wp-content\/uploads\/2025\/04\/sabrina.jpg\"><img loading=\"lazy\" decoding=\"async\" class=\"size-medium alignleft\" src=\"https:\/\/schraeglagen-training.de\/2.0\/wp-content\/uploads\/2025\/04\/sabrina.jpg\" width=\"225\" height=\"300\"><\/a><\/figure>\n<\/div>\n<div class=\"clear\">&nbsp;<\/div>\n<\/div>\n\n\n\n<hr class=\"wp-block-separator has-css-opacity\"\/>\n\n\n\n<div class=\"columns\">\n<div class=\"column threecol\">\n<figure><a href=\"https:\/\/schraeglagen-training.de\/2.0\/wp-content\/uploads\/2015\/12\/team_tina.jpg\"><img loading=\"lazy\" decoding=\"async\" class=\"wp-image-1977 size-medium alignnone\" src=\"https:\/\/schraeglagen-training.de\/2.0\/wp-content\/uploads\/2015\/12\/team_tina.jpg\" width=\"225\" height=\"300\"><\/a><\/figure>\n<\/div>\n<div class=\"column twothirdcol\"><p><strong>Tina<\/strong><\/p>\n<ul>\n<li>Motorradfahrerin und Eure Ansprechpartnerin in Sachen Organisation, Anmeldung und Catering<\/li>\n<\/ul>\n<\/div>\t\n<div class=\"clear\">&nbsp;<\/div>\n<\/div>\n\n\n\n<hr class=\"wp-block-separator has-css-opacity\"\/>\n\n\n\n<div class=\"columns\">\n<div class=\"column twothirdcol\"><p><strong>Vera<\/strong><\/p>\n<ul>\n<li>Motorradfahrerin und Eure Ansprechpartnerin in Sachen Organisation, Anmeldung und Catering<\/li>\n<\/ul>\n<\/div>\n<div class=\"column threecol\">\n<figure><a href=\"http:\/\/schraeglagen-training.de\/2.0\/wp-content\/uploads\/2013\/12\/team_vera.jpg\"><img loading=\"lazy\" decoding=\"async\" class=\"size-medium wp-image-1514 alignleft\" src=\"http:\/\/schraeglagen-training.de\/2.0\/wp-content\/uploads\/2013\/12\/team_vera.jpg\" alt=\"20170304_104018\" width=\"225\" height=\"300\"><\/a><\/figure>\n<\/div>\n<div class=\"clear\">&nbsp;<\/div>\n<\/div>\n\n\n\n<p><\/p>\n","protected":false},"excerpt":{"rendered":"<p>Das sind wir: motorradbegeisterte Leute, die Euch mit Spa\u00df an der Sache die Freude am &#8222;Kurvenkratzen&#8220; n\u00e4herbringen m\u00f6chten! Reinhard Firmeninhaber und Euer Trainer f\u00fcr besseres Kurvenfahren und Ansprechpartner in Sachen Organisation und Anmeldung Instruktor f\u00fcr Motorrad-Sicherheitstrainings (ausgebildet nach den Richtlinien des DVR) Instruktor bei DUCATI4U Fahrertrainings (www.ducati-4u.de) Langj\u00e4hrige Erfahrungen auf &#8230;<\/p>\n","protected":false},"author":1,"featured_media":0,"parent":0,"menu_order":0,"comment_status":"closed","ping_status":"closed","template":"","meta":{"footnotes":""},"class_list":["post-9","page","type-page","status-publish","hentry","column","onecol"],"_links":{"self":[{"href":"https:\/\/schraeglagen-training.de\/2.0\/wp-json\/wp\/v2\/pages\/9","targetHints":{"allow":["GET"]}}],"collection":[{"href":"https:\/\/schraeglagen-training.de\/2.0\/wp-json\/wp\/v2\/pages"}],"about":[{"href":"https:\/\/schraeglagen-training.de\/2.0\/wp-json\/wp\/v2\/types\/page"}],"author":[{"embeddable":true,"href":"https:\/\/schraeglagen-training.de\/2.0\/wp-json\/wp\/v2\/users\/1"}],"replies":[{"embeddable":true,"href":"https:\/\/schraeglagen-training.de\/2.0\/wp-json\/wp\/v2\/comments?post=9"}],"version-history":[{"count":157,"href":"https:\/\/schraeglagen-training.de\/2.0\/wp-json\/wp\/v2\/pages\/9\/revisions"}],"predecessor-version":[{"id":2988,"href":"https:\/\/schraeglagen-training.de\/2.0\/wp-json\/wp\/v2\/pages\/9\/revisions\/2988"}],"wp:attachment":[{"href":"https:\/\/schraeglagen-training.de\/2.0\/wp-json\/wp\/v2\/media?parent=9"}],"curies":[{"name":"wp","href":"https:\/\/api.w.org\/{rel}","templated":true}]}}