{"id":97,"date":"2013-12-03T11:46:31","date_gmt":"2013-12-03T10:46:31","guid":{"rendered":"http:\/\/schraeglagen-training.de\/2.0\/?page_id=97"},"modified":"2024-10-17T14:50:04","modified_gmt":"2024-10-17T12:50:04","slug":"wegbeschreibung","status":"publish","type":"page","link":"https:\/\/schraeglagen-training.de\/2.0\/wegbeschreibung\/","title":{"rendered":"Wegbeschreibung"},"content":{"rendered":"<h1><strong>Wegbeschreibung<\/strong><\/h1>\n<h2>Unser regul\u00e4res \u00dcbungsgel\u00e4nde f\u00fcr die Schr\u00e4glagen-Trainings\/Kombi-Traininigs befindet sich auf dem Gel\u00e4nde der Firma BOMAG in 56154 Boppard-Buchholz in der Kratzenburger Landtrasse. Nach den Bahngleisen weiter gerade aus fahren und nach ein paar hundert Metern sind rechts die Parkpl\u00e4tze der Firma Bomag. Dort findet das Training statt.<\/h2>\n<h2>Eventuell abweichende Trainingsorte und Treffpunkte f\u00fcr Sonderveranstaltungen werden bei den jeweiligen Termineintr\u00e4gen im <a title=\"Termine\" href=\"http:\/\/schraeglagen-training.de\/2.0\/kalender\/\">Kalender<\/a> und in den Anmeldebest\u00e4tigungen genannt.<\/h2>\n","protected":false},"excerpt":{"rendered":"<p>Wegbeschreibung Unser regul\u00e4res \u00dcbungsgel\u00e4nde f\u00fcr die Schr\u00e4glagen-Trainings\/Kombi-Traininigs befindet sich auf dem Gel\u00e4nde der Firma BOMAG in 56154 Boppard-Buchholz in der Kratzenburger Landtrasse. Nach den Bahngleisen weiter gerade aus fahren und nach ein paar hundert Metern sind rechts die Parkpl\u00e4tze der Firma Bomag. Dort findet das Training statt. Eventuell abweichende Trainingsorte &#8230;<\/p>\n","protected":false},"author":1,"featured_media":0,"parent":0,"menu_order":0,"comment_status":"closed","ping_status":"closed","template":"","meta":{"footnotes":""},"class_list":["post-97","page","type-page","status-publish","hentry","column","onecol"],"_links":{"self":[{"href":"https:\/\/schraeglagen-training.de\/2.0\/wp-json\/wp\/v2\/pages\/97","targetHints":{"allow":["GET"]}}],"collection":[{"href":"https:\/\/schraeglagen-training.de\/2.0\/wp-json\/wp\/v2\/pages"}],"about":[{"href":"https:\/\/schraeglagen-training.de\/2.0\/wp-json\/wp\/v2\/types\/page"}],"author":[{"embeddable":true,"href":"https:\/\/schraeglagen-training.de\/2.0\/wp-json\/wp\/v2\/users\/1"}],"replies":[{"embeddable":true,"href":"https:\/\/schraeglagen-training.de\/2.0\/wp-json\/wp\/v2\/comments?post=97"}],"version-history":[{"count":19,"href":"https:\/\/schraeglagen-training.de\/2.0\/wp-json\/wp\/v2\/pages\/97\/revisions"}],"predecessor-version":[{"id":2887,"href":"https:\/\/schraeglagen-training.de\/2.0\/wp-json\/wp\/v2\/pages\/97\/revisions\/2887"}],"wp:attachment":[{"href":"https:\/\/schraeglagen-training.de\/2.0\/wp-json\/wp\/v2\/media?parent=97"}],"curies":[{"name":"wp","href":"https:\/\/api.w.org\/{rel}","templated":true}]}}